{"id":92,"date":"2018-02-26T20:20:02","date_gmt":"2018-02-26T20:20:02","guid":{"rendered":"https:\/\/www.adlergiersch.com\/es\/?page_id=92"},"modified":"2024-01-11T22:35:45","modified_gmt":"2024-01-11T22:35:45","slug":"apoyo-y-recursos-de-la-comunidad","status":"publish","type":"page","link":"https:\/\/www.adlergiersch.com\/es\/nuestro-equipo-bilingue-recursos\/apoyo-y-recursos-de-la-comunidad\/","title":{"rendered":"Recursos de lesiones cerebrales"},"content":{"rendered":"\n<div class=\"wp-block-cover alignfull is-light section-hero has-scroll has-slate-color has-text-color has-link-color wp-elements-87073cb14cc7838ad5cb0ad3b13d3a47\" style=\"padding-top:var(--wp--preset--spacing--120);padding-bottom:var(--wp--preset--spacing--120)\"><span aria-hidden=\"true\" class=\"wp-block-cover__background has-background-dim-0 has-background-dim\"><\/span><img loading=\"lazy\" decoding=\"async\" width=\"1920\" height=\"1220\" class=\"wp-block-cover__image-background wp-image-5232\" alt=\"\" src=\"https:\/\/www.adlergiersch.com\/es\/wp-content\/uploads\/sites\/3\/2024\/01\/placeholder.svg\" data-object-fit=\"cover\"\/><div class=\"wp-block-cover__inner-container is-layout-flow wp-block-cover-is-layout-flow\">\n<div class=\"wp-block-group has-global-padding is-layout-constrained wp-block-group-is-layout-constrained\">\n<div class=\"wp-block-group has-global-padding is-content-justification-left is-layout-constrained wp-container-core-group-is-layout-8589d364 wp-block-group-is-layout-constrained\">\n<p class=\"section-hero__parent has-25-px-font-size\" style=\"margin-bottom:var(--wp--preset--spacing--20)\"><\/p>\n\n\n\n<div class=\"wp-block-group has-global-padding is-content-justification-left is-layout-constrained wp-container-core-group-is-layout-a00c9c03 wp-block-group-is-layout-constrained\">\n<h1 class=\"wp-block-heading section-hero__title\">Apoyo y recursos de <mark style=\"background-color:rgba(0, 0, 0, 0)\" class=\"has-inline-color has-rust-color\">la comunidad<\/mark><\/h1>\n<\/div>\n\n\n\n<div class=\"wp-block-group section-hero__excerpt has-25-px-font-size has-global-padding is-layout-constrained wp-block-group-is-layout-constrained\">\n<p>Siempre estamos aqu\u00ed para ayudar, si usted nos contrata o no. Los resultados mejores y m\u00e1s hol\u00edsticos vienen cuando nuestros clientes y sus familias son totalmente apoyados, m\u00e1s all\u00e1 de s\u00f3lo servicios legales. Esto significa conectarlo con proveedores, grupos de apoyo, actividades y eventos en nuestra comunidad que est\u00e1n dise\u00f1ados para ayudar a las personas afrontar y recuperarse de lesiones graves.<\/p>\n\n\n\n<p>Abajo hay una lista de equipos de confianza y recursos ubicados a trav\u00e9s del Pac\u00edfico Noroeste que hemos encontrado para ser especialmente \u00fatil a trav\u00e9s de los a\u00f1os.<\/p>\n<\/div>\n\n\n\n<div class=\"wp-block-buttons section-hero__buttons is-layout-flex wp-block-buttons-is-layout-flex\" style=\"margin-top:var(--wp--preset--spacing--32)\">\n<div class=\"wp-block-button\"><a class=\"wp-block-button__link has-white-color has-text-color has-link-color wp-element-button\" href=\"https:\/\/www.adlergiersch.com\/es\/solicite-una-consulta\/\">Solicite una Consulta<\/a><\/div>\n<\/div>\n<\/div>\n<\/div>\n<\/div><\/div>\n\n\n\n<header class=\"wp-block-group has-global-padding is-layout-constrained wp-block-group-is-layout-constrained\" style=\"margin-top:var(--wp--preset--spacing--75);padding-top:2.5rem;padding-bottom:2.5rem\"><h1 class=\"has-text-align-center wp-block-post-title\">Recursos de lesiones cerebrales<\/h1><\/header>\n\n\n\n<div class=\"wp-block-group ag-hr-icon-section has-global-padding is-layout-constrained wp-block-group-is-layout-constrained\">\n<figure class=\"wp-block-image aligncenter size-full ag-hr-icon\"><img decoding=\"async\" src=\"https:\/\/www.adlergiersch.com\/wp-content\/uploads\/2023\/12\/favicon.png\" alt=\"Adler Giersch Icon\" class=\"wp-image-9459\"\/><\/figure>\n<\/div>\n\n\n\n<section class=\"wp-block-group section has-global-padding is-layout-constrained wp-block-group-is-layout-constrained\" style=\"padding-top:2.5rem;padding-bottom:2.5rem\">\n<h2 class=\"wp-block-heading has-text-align-center\" style=\"margin-bottom:2.5rem\">Recursos de lesiones cerebrales<\/h2>\n\n\n\n<div class=\"wp-block-group ag-container is-content-justification-left is-layout-flex wp-container-core-group-is-layout-54257084 wp-block-group-is-layout-flex\">\n<div class=\"wp-block-group has-global-padding is-layout-constrained wp-container-core-group-is-layout-618b4f28 wp-block-group-is-layout-constrained\">\n<h3 class=\"wp-block-heading has-text-align-center\">Alianza de lesiones cerebrales del estado de Washington<\/h3>\n\n\n\n<p>El BIAWA es una organizaci\u00f3n sin \u00e1nimo de lucro dedicado a brindar servicios gratuitos y apoyo a los afectados por lesiones cerebrales. Unese en l\u00ednea, por tel\u00e9fono, o redes sociales para conectarse con individuos experenciados y dedicados que pueden ayudar con sus preguntas relacionadas con lesiones cerebrales.<\/p>\n\n\n\n<p><a href=\"http:\/\/www.biawa.org\/\" target=\"_blank\" rel=\"noreferrer noopener\">Visita<\/a><a href=\"http:\/\/www.biawa.org\/\" target=\"_blank\" rel=\"noreferrer noopener\">&nbsp;BIAWA<\/a><\/p>\n<\/div>\n\n\n\n<div class=\"wp-block-group has-global-padding is-layout-constrained wp-container-core-group-is-layout-618b4f28 wp-block-group-is-layout-constrained\">\n<h3 class=\"wp-block-heading has-text-align-center\">L\u00ednea del cerebro<\/h3>\n\n\n\n<p>L\u00ednea del cerebro es un proyecto multimedio nacional que ofrece informaci\u00f3n y recursos sobre prevenci\u00f3n, tratamiento y viviendo con TBI (lesion cerebral). Su sitio de web es una valioso \u201cventanilla \u00fanica\u201d que esquema la mayor\u00eda de los aspectos viviendo con TBI que sobrevivientes y miembros de la familia querr\u00e1n saber.<\/p>\n\n\n\n<p><a href=\"http:\/\/www.brainline.org\/\" target=\"_blank\" rel=\"noreferrer noopener\">Visita Brainline<\/a><\/p>\n<\/div>\n\n\n\n<div class=\"wp-block-group has-global-padding is-layout-constrained wp-container-core-group-is-layout-618b4f28 wp-block-group-is-layout-constrained\">\n<h3 class=\"wp-block-heading\">Programa de concusiones en los deportes en Harborview<\/h3>\n\n\n\n<p>Este programa m\u00e9dico de Harborview ayuda a proporcionar a ni\u00f1os, adolescentes y atletas adultos con evaluaci\u00f3n, tratamiento y autorizaci\u00f3n m\u00e9dica para volver a los deportes despu\u00e9s de una concusi\u00f3n.<strong>&nbsp; &nbsp; &nbsp; &nbsp; &nbsp;<\/strong><\/p>\n\n\n\n<p><strong>&nbsp;<\/strong><a href=\"http:\/\/www.uwmedicine.org\/locations\/sports-concussion-program-harborview\" target=\"_blank\" rel=\"noreferrer noopener\">Visita el Programa de Concusiones en los Deportes en Harborview<\/a><\/p>\n<\/div>\n\n\n\n<div class=\"wp-block-group has-global-padding is-layout-constrained wp-container-core-group-is-layout-618b4f28 wp-block-group-is-layout-constrained\">\n<h3 class=\"wp-block-heading\">Centro de control y prevenci\u00f3n de enfermedades &#8211; lesiones traum\u00e1ticas del cerebro y concusi\u00f3n<\/h3>\n\n\n\n<p>El instituto nacional de salud p\u00fablica principal de los EE.UU. Este es un gran recurso para aprender m\u00e1s acerca de las estad\u00edsticas nacionales m\u00e1s recientes y las tendencias en el mundo de TBI y m\u00e1s all\u00e1, junto con consejos sobre c\u00f3mo permanecer seguro antes o despu\u00e9s de un TBI (lesion cerebral).<\/p>\n\n\n\n<p><a href=\"https:\/\/www.cdc.gov\/TraumaticBrainInjury\/index.html\" target=\"_blank\" rel=\"noreferrer noopener\">Visita el Centro de Control y Prevenci\u00f3n de Enfermedades<\/a><\/p>\n<\/div>\n\n\n\n<div class=\"wp-block-group has-global-padding is-layout-constrained wp-container-core-group-is-layout-618b4f28 wp-block-group-is-layout-constrained\">\n<h3 class=\"wp-block-heading\">Sistema modelo de lesiones cerebrales de la Universidad de Washington<\/h3>\n\n\n\n<p>En un estudio financiado por el gobierno, UW est\u00e1 reuniendo datos y estudios para ayudar a responder a preguntas sobre recuperaciones de TBI (lesion cerebral). Haga clic en el enlace para aprender m\u00e1s sobre los tratamientos disponibles y estudios de TBI a trav\u00e9s de art\u00edculos, ilustraciones, boletines de noticias y mucho m\u00e1s.<\/p>\n\n\n\n<p><a href=\"http:\/\/tbi.washington.edu\/\" target=\"_blank\" rel=\"noreferrer noopener\">Visit Sistema Modelo de Lesiones Cerebrales de la Universidad de Washington<\/a><\/p>\n<\/div>\n\n\n\n<div class=\"wp-block-group has-global-padding is-layout-constrained wp-container-core-group-is-layout-618b4f28 wp-block-group-is-layout-constrained\">\n<div class=\"wp-block-group has-white-color has-slate-background-color has-text-color has-background has-link-color wp-elements-125e000dfe9cc4c962ebbaf67a69b694 has-global-padding is-layout-constrained wp-container-core-group-is-layout-56d02082 wp-block-group-is-layout-constrained\" style=\"border-radius:25px;padding-top:var(--wp--preset--spacing--32);padding-right:var(--wp--preset--spacing--32);padding-bottom:var(--wp--preset--spacing--32);padding-left:var(--wp--preset--spacing--32)\">\n<h3 class=\"wp-block-heading has-text-align-center has-heading-4-font-size\">Entendemos que est\u00e1 ansioso por obtener ayuda.<\/h3>\n\n\n\n<div class=\"wp-block-buttons is-content-justification-center is-layout-flex wp-container-core-buttons-is-layout-a89b3969 wp-block-buttons-is-layout-flex\">\n<div class=\"wp-block-button\"><a class=\"wp-block-button__link wp-element-button\" href=\"https:\/\/www.adlergiersch.com\/es\/solicite-una-consulta\/\">Solicite una consulta.<\/a><\/div>\n<\/div>\n<\/div>\n<\/div>\n<\/div>\n<\/section>\n\n\n\n<hr class=\"wp-block-separator has-text-color has-gold-color has-alpha-channel-opacity has-gold-background-color has-background\"\/>\n\n\n\n<section class=\"wp-block-group section has-global-padding is-layout-constrained wp-block-group-is-layout-constrained\" style=\"padding-top:2.5rem;padding-bottom:2.5rem\">\n<h2 class=\"wp-block-heading has-text-align-center\" style=\"margin-bottom:2.5rem\">Util\u00a0agencias de gobierno<\/h2>\n\n\n\n<div class=\"wp-block-group ag-container is-content-justification-left is-layout-flex wp-container-core-group-is-layout-54257084 wp-block-group-is-layout-flex\">\n<div class=\"wp-block-group has-global-padding is-layout-constrained wp-container-core-group-is-layout-618b4f28 wp-block-group-is-layout-constrained\">\n<h3 class=\"wp-block-heading\">Patrulla Estatal de Washington<\/h3>\n\n\n\n<p>Esta es la agencia estatal de polic\u00eda para el estado de Washington. Si has estado involucrado en un accidente de veh\u00edculo de motor en Washington, usted definitivamente querr\u00e1 utilizar el enlace siguiente para solicitar un informe de colisi\u00f3n de tr\u00e1fico de polic\u00eda.<\/p>\n\n\n\n<p><a href=\"http:\/\/www.wsp.wa.gov\/driver\/collision-records\/\" target=\"_blank\" rel=\"noreferrer noopener\">Visita WSP Collision Records<\/a><\/p>\n<\/div>\n\n\n\n<div class=\"wp-block-group has-global-padding is-layout-constrained wp-container-core-group-is-layout-618b4f28 wp-block-group-is-layout-constrained\">\n<h3 class=\"wp-block-heading\">Comisionado de seguros del estado de Washington<\/h3>\n\n\n\n<p>Oficina del estado que protege a los consumidores de seguros y supervisa la industria de seguros. Si tienes preguntas de seguro, o incluso tienes una queja contra una compa\u00f1\u00eda de seguros, el sitio de web del comisionado de seguros tiene una secci\u00f3n entera dedicada a ayudar a los consumidores luchar por sus derechos.<\/p>\n\n\n\n<p><a href=\"https:\/\/www.insurance.wa.gov\/\" target=\"_blank\" rel=\"noreferrer noopener\">Visita Comisionado de Seguros del Estado de Washington<\/a><\/p>\n<\/div>\n\n\n\n<div class=\"wp-block-group has-global-padding is-layout-constrained wp-container-core-group-is-layout-618b4f28 wp-block-group-is-layout-constrained\">\n<h3 class=\"wp-block-heading\">Administraci\u00f3n nacional de tr\u00e1fico vial<\/h3>\n\n\n\n<p>Esta es una agencia del gobierno de EE.UU que fue creada para salvar vidas, prevenir lesiones y reducir choques relacionadas con veh\u00edculos. Haga clic para aprender m\u00e1s sobre las reglas de la carretera, seguridad de conducir, estudios y m\u00e1s.<\/p>\n\n\n\n<p><a href=\"https:\/\/one.nhtsa.gov\/\" target=\"_blank\" rel=\"noreferrer noopener\">Visita NHTSA<\/a><\/p>\n<\/div>\n<\/div>\n<\/section>\n\n\n\n<hr class=\"wp-block-separator has-text-color has-gold-color has-alpha-channel-opacity has-gold-background-color has-background\"\/>\n\n\n\n<section class=\"wp-block-group section has-global-padding is-layout-constrained wp-block-group-is-layout-constrained\" style=\"padding-top:2.5rem;padding-bottom:2.5rem\">\n<h2 class=\"wp-block-heading has-text-align-center\" style=\"margin-bottom:2.5rem\">Otras organizaciones sin fines de lucro, haciendo una diferencia<\/h2>\n\n\n\n<div class=\"wp-block-group ag-container is-content-justification-left is-layout-flex wp-container-core-group-is-layout-54257084 wp-block-group-is-layout-flex\">\n<div class=\"wp-block-group has-global-padding is-layout-constrained wp-container-core-group-is-layout-618b4f28 wp-block-group-is-layout-constrained\">\n<h3 class=\"wp-block-heading\">Madres contra conductores ebrios &#8211; cap\u00edtulo de Washington<\/h3>\n\n\n\n<p>Trabajamos cercanamente con el cap\u00edtulo de Washington de MADD, una organizaci\u00f3n sin \u00e1nimo de lucro para detener conductores ebrios y drogado y apoyar a los afectados por conductores ebrios o drogados. Haga clic para aprender m\u00e1s sobre c\u00f3mo MADD est\u00e1 empujando el cambio para carreteras m\u00e1s seguras y c\u00f3mo usted puede ayudar.<\/p>\n\n\n\n<p><a href=\"https:\/\/www.madd.org\/Washington\/\" target=\"_blank\" rel=\"noreferrer noopener\">Visita MADD<\/a><\/p>\n<\/div>\n<\/div>\n<\/section>\n","protected":false},"excerpt":{"rendered":"<p>Recursos de lesiones cerebrales Alianza de lesiones cerebrales del estado de Washington El BIAWA es una organizaci\u00f3n sin \u00e1nimo de lucro dedicado a brindar servicios gratuitos y apoyo a los afectados por lesiones cerebrales. Unese en l\u00ednea, por tel\u00e9fono, o redes sociales para conectarse con individuos experenciados y dedicados que pueden ayudar con sus preguntas [&hellip;]<\/p>\n","protected":false},"author":1,"featured_media":5287,"parent":49,"menu_order":0,"comment_status":"closed","ping_status":"closed","template":"","meta":{"_acf_changed":false,"inline_featured_image":false,"footnotes":""},"class_list":["post-92","page","type-page","status-publish","has-post-thumbnail","hentry"],"acf":[],"_links":{"self":[{"href":"https:\/\/www.adlergiersch.com\/es\/wp-json\/wp\/v2\/pages\/92","targetHints":{"allow":["GET"]}}],"collection":[{"href":"https:\/\/www.adlergiersch.com\/es\/wp-json\/wp\/v2\/pages"}],"about":[{"href":"https:\/\/www.adlergiersch.com\/es\/wp-json\/wp\/v2\/types\/page"}],"author":[{"embeddable":true,"href":"https:\/\/www.adlergiersch.com\/es\/wp-json\/wp\/v2\/users\/1"}],"replies":[{"embeddable":true,"href":"https:\/\/www.adlergiersch.com\/es\/wp-json\/wp\/v2\/comments?post=92"}],"version-history":[{"count":0,"href":"https:\/\/www.adlergiersch.com\/es\/wp-json\/wp\/v2\/pages\/92\/revisions"}],"up":[{"embeddable":true,"href":"https:\/\/www.adlergiersch.com\/es\/wp-json\/wp\/v2\/pages\/49"}],"wp:featuredmedia":[{"embeddable":true,"href":"https:\/\/www.adlergiersch.com\/es\/wp-json\/wp\/v2\/media\/5287"}],"wp:attachment":[{"href":"https:\/\/www.adlergiersch.com\/es\/wp-json\/wp\/v2\/media?parent=92"}],"curies":[{"name":"wp","href":"https:\/\/api.w.org\/{rel}","templated":true}]}}