{"id":74,"date":"2018-02-26T20:10:45","date_gmt":"2018-02-26T20:10:45","guid":{"rendered":"https:\/\/www.adlergiersch.com\/es\/?page_id=74"},"modified":"2024-01-12T12:16:51","modified_gmt":"2024-01-12T12:16:51","slug":"lesion-cerebral-traumatica-tbi-lesiones-de-la-cabeza","status":"publish","type":"page","link":"https:\/\/www.adlergiersch.com\/es\/areas-de-practica\/lesion-cerebral-traumatica-tbi-lesiones-de-la-cabeza\/","title":{"rendered":"Lesi\u00f3n cerebral traum\u00e1tica (TBI)"},"content":{"rendered":"\n<div class=\"wp-block-cover alignfull section-hero has-scroll has-white-color has-text-color has-link-color wp-elements-a5675bc6b42c66b741466c446cce8958\" style=\"padding-top:var(--wp--preset--spacing--120);padding-bottom:var(--wp--preset--spacing--120)\"><span aria-hidden=\"true\" class=\"wp-block-cover__background has-background-dim\"><\/span><img loading=\"lazy\" decoding=\"async\" width=\"1920\" height=\"600\" class=\"wp-block-cover__image-background wp-image-247\" alt=\"mujer con lesi\u00f3n cerebral\" src=\"https:\/\/www.adlergiersch.com\/es\/wp-content\/uploads\/sites\/3\/2018\/02\/aop-traumatic-brain-injury.jpg\" data-object-fit=\"cover\" srcset=\"https:\/\/www.adlergiersch.com\/es\/wp-content\/uploads\/sites\/3\/2018\/02\/aop-traumatic-brain-injury.jpg 1920w, https:\/\/www.adlergiersch.com\/es\/wp-content\/uploads\/sites\/3\/2018\/02\/aop-traumatic-brain-injury-300x94.jpg 300w, https:\/\/www.adlergiersch.com\/es\/wp-content\/uploads\/sites\/3\/2018\/02\/aop-traumatic-brain-injury-768x240.jpg 768w, https:\/\/www.adlergiersch.com\/es\/wp-content\/uploads\/sites\/3\/2018\/02\/aop-traumatic-brain-injury-1024x320.jpg 1024w\" sizes=\"auto, (max-width: 1920px) 100vw, 1920px\" \/><div class=\"wp-block-cover__inner-container is-layout-flow wp-block-cover-is-layout-flow\">\n<div class=\"wp-block-group has-global-padding is-layout-constrained wp-block-group-is-layout-constrained\">\n<div class=\"wp-block-group has-global-padding is-content-justification-left is-layout-constrained wp-container-core-group-is-layout-8589d364 wp-block-group-is-layout-constrained\">\n<p class=\"section-hero__parent has-25-px-font-size\" style=\"margin-bottom:var(--wp--preset--spacing--20)\">\u00c1reas de pr\u00e1ctica<\/p>\n\n\n\n<div class=\"wp-block-group has-global-padding is-content-justification-left is-layout-constrained wp-container-core-group-is-layout-a00c9c03 wp-block-group-is-layout-constrained\">\n<h1 class=\"wp-block-heading section-hero__title\">Lesi\u00f3n cerebral traum\u00e1tica (TBI) \/ lesiones de la cabeza<\/h1>\n<\/div>\n\n\n\n<div class=\"wp-block-group section-hero__excerpt has-25-px-font-size has-global-padding is-layout-constrained wp-block-group-is-layout-constrained\">\n<p><\/p>\n<\/div>\n\n\n\n<div class=\"wp-block-buttons section-hero__buttons is-layout-flex wp-block-buttons-is-layout-flex\" style=\"margin-top:var(--wp--preset--spacing--32)\">\n<div class=\"wp-block-button\"><a class=\"wp-block-button__link wp-element-button\" href=\"https:\/\/www.adlergiersch.com\/es\/solicite-una-consulta\/\">Solicite una Consulta<\/a><\/div>\n<\/div>\n<\/div>\n<\/div>\n<\/div><\/div>\n\n\n\n<div class=\"wp-block-group has-global-padding is-layout-constrained wp-block-group-is-layout-constrained\" style=\"margin-top:var(--wp--preset--spacing--100);margin-bottom:var(--wp--preset--spacing--100)\">\n<div class=\"wp-block-columns is-layout-flex wp-container-core-columns-is-layout-b987c810 wp-block-columns-is-layout-flex\">\n<div class=\"wp-block-column is-layout-flow wp-block-column-is-layout-flow\" style=\"flex-basis:60%\">\n<p class=\"has-18-px-font-size\">Un golpe en la cabeza o un movimiento brusco de la cabeza puede resultar en una lesi\u00f3n cerebral traum\u00e1tica (TBI)\u00a0o una lesi\u00f3n de la cabeza. Un TBI puede ocurrir incluso si no existe p\u00e9rdida de conocimiento. Con frecuencia incomprendido, mal diagnosticado o maltratados; 90% de las personas que sufren una concusi\u00f3n cerebral no son realmente \u201cinconsciente.\u201d Lesiones de cabeza requieren t\u00e9cnicas especializadas de diagn\u00f3stico y tratamiento para concentrarse en los efectos cognitivos, funcionales y emocionales. Catastr\u00f3fico o leve, lesiones del cerebro y la cabeza pueden afectar cada aspecto de su vida en el hogar, en el trabajo y en tus relaciones.<\/p>\n\n\n\n<h2 class=\"wp-block-heading\">Construyendo\u00a0un caso para su lesi\u00f3n cerebral traum\u00e1tica (TBI)<\/h2>\n\n\n\n<p>Construyendo un caso alrededor de una lesi\u00f3n cerebral es un proceso \u00fanico ya que el trauma puede ser mucho m\u00e1s complejo, matizado y dif\u00edcil de demostrar que otra lesi\u00f3n, como una pierna o un brazo roto. Las compa\u00f1\u00edas de seguros con frecuencia explotan esto, especialmente cuando la v\u00edctima tenga una capacidad reducida para abogar por si mismo.<\/p>\n\n\n\n<h2 class=\"wp-block-heading\">Experiencia en casos de lesi\u00f3n cerebral traum\u00e1tica (TBI)<\/h2>\n\n\n\n<p>Nuestra empresa es nacionalmente reconocida como galardonados expertos en la ley de lesiones de cerebro y por nuestra defensa para las v\u00edctimas y sobrevivientes. Ayudamos crear la primera ley de retorno al jugar de la naci\u00f3n, inspirado por nuestro cliente Zachary Lystedt, para proteger a los atletas j\u00f3venes de concusiones cerebrales. La ley Lystedt se fue a pasar en todos los 50 estados e incluso fue adoptada y aprobada por la NFL.<\/p>\n\n\n\n<p>De nuestro trabajo con la alianza de lesiones cerebrales de Washington y Oregon, a nuestro cuidado protector para nuestros clientes que han sufrido una lesi\u00f3n cerebral, no solo sabemos c\u00f3mo estructurar su caso pero entendemos lesiones del cerebral y de cabeza a nivel m\u00e9dico.<\/p>\n\n\n\n<p>Nuestros clientes obtienen una pileta de conocimiento, recursos de la comunidad y un nivel de cuidado colaborativo que otras empresas simplemente no pueden ofrecer durante y mucho despu\u00e9s de que se resuelva su caso.<\/p>\n<\/div>\n\n\n\n<div class=\"wp-block-column is-layout-flow wp-container-core-column-is-layout-5dafc681 wp-block-column-is-layout-flow\" style=\"flex-basis:40%\">\n<div class=\"wp-block-buttons is-vertical is-layout-flex wp-container-core-buttons-is-layout-7489e3c2 wp-block-buttons-is-layout-flex\">\n<div class=\"wp-block-button has-custom-width wp-block-button__width-100 has-custom-font-size has-25-px-font-size\"><a class=\"wp-block-button__link has-white-color has-slate-background-color has-text-color has-background has-link-color has-text-align-left wp-element-button\" href=\"https:\/\/www.adlergiersch.com\/es\/nuestros-abogados\/\" style=\"padding-top:var(--wp--preset--spacing--20);padding-bottom:var(--wp--preset--spacing--20)\">Nuestros Abogados<\/a><\/div>\n\n\n\n<div class=\"wp-block-button has-custom-width wp-block-button__width-100 has-custom-font-size has-25-px-font-size\"><a class=\"wp-block-button__link has-white-color has-slate-background-color has-text-color has-background has-link-color has-text-align-left wp-element-button\" href=\"https:\/\/www.adlergiersch.com\/es\/recursos\/preguntas-frecuentes\/\" style=\"padding-top:var(--wp--preset--spacing--20);padding-bottom:var(--wp--preset--spacing--20)\">Preguntas Frecuentes<\/a><\/div>\n\n\n\n<div class=\"wp-block-button has-custom-width wp-block-button__width-100 has-custom-font-size has-25-px-font-size\"><a class=\"wp-block-button__link has-white-color has-slate-background-color has-text-color has-background has-link-color has-text-align-left wp-element-button\" href=\"https:\/\/www.adlergiersch.com\/es\/recursos\/apoyo-y-recursos-de-la-comunidad\/\" style=\"padding-top:var(--wp--preset--spacing--20);padding-bottom:var(--wp--preset--spacing--20)\">Apoyo y Recursos de la Comunidad<\/a><\/div>\n<\/div>\n\n\n\n<div class=\"wp-block-group has-global-padding is-layout-constrained wp-block-group-is-layout-constrained\">\n<h4 class=\"wp-block-heading has-text-align-center has-heading-5-font-size\">\u00bfNecesita ayuda con una lesi\u00f3n cerebral traum\u00e1tica?<\/h4>\n\n\n\n<div class=\"wp-block-group has-link-color has-20-px-font-size wp-elements-506b6347b4925beeebe477e126922eaf has-global-padding is-layout-constrained wp-block-group-is-layout-constrained\">\n<p><a href=\"https:\/\/www.adlergiersch.com\/es\/solicite-una-consulta\/\"><strong>P\u00f3<\/strong><strong>ngase<\/strong><strong>&nbsp;en contacto con nuestro equipo para<\/strong><strong>&nbsp;asesoramiento gratuito,&nbsp;<\/strong><strong>sin ning\u00fan tipo de presi\u00f3n.&nbsp;<\/strong><\/a><\/p>\n\n\n\n<p><a href=\"https:\/\/www.adlergiersch.com\/es\/comentarios-y-resultados\/casos-de-exito\/\"><strong>Aprenda<\/strong><strong>&nbsp;m\u00e1s sobre los resultados que hemos conseguido para nuestros clientes con lesiones de cabeza y cerebrales, incluyendo la ley de Zackery Lysted<\/strong><\/a><strong>&nbsp;<\/strong><strong>&nbsp;<\/strong><\/p>\n<\/div>\n<\/div>\n\n\n\n<div class=\"wp-block-group has-link-color has-20-px-font-size wp-elements-0d5b1b6de45bbdc4388010785b7381bf has-global-padding is-layout-constrained wp-block-group-is-layout-constrained\">\n<p><a href=\"https:\/\/www.adlergiersch.com\/es\/solicite-una-consulta\/\"><strong><a href=\"http:\/\/www.biawa.org\/\" target=\"_blank\" rel=\"noreferrer noopener\"><strong>Alianza de lesiones\u00a0cerebrales\u00a0de Washington\u00a0<\/strong><\/a><\/strong><\/a><\/p>\n\n\n\n<h4 class=\"wp-block-heading has-heading-5-font-size\">Recursos \u00fatiles para lesiones de la cabeza y el cerebro:<\/h4>\n\n\n\n<h4 class=\"wp-block-heading has-heading-5-font-size\">Descarga nuestra gu\u00eda gratuita\u00a0de\u00a0lesi\u00f3n traum\u00e1tica del cerebro &lt; Comprendiendo lesiones\u00a0traum\u00e1ticas\u00a0de cerebro: una gu\u00eda para los sobrevivientes y sus familias escrita\u00a0por Richard H. Adler ><\/h4>\n<\/div>\n<\/div>\n<\/div>\n<\/div>\n","protected":false},"excerpt":{"rendered":"<p>Un golpe en la cabeza o un movimiento brusco de la cabeza puede resultar en una lesi\u00f3n cerebral traum\u00e1tica (TBI)\u00a0o una lesi\u00f3n de la cabeza. Un TBI puede ocurrir incluso si no existe p\u00e9rdida de conocimiento. Con frecuencia incomprendido, mal diagnosticado o maltratados; 90% de las personas que sufren una concusi\u00f3n cerebral no son realmente [&hellip;]<\/p>\n","protected":false},"author":1,"featured_media":5287,"parent":46,"menu_order":0,"comment_status":"closed","ping_status":"closed","template":"","meta":{"_acf_changed":false,"inline_featured_image":false,"footnotes":""},"class_list":["post-74","page","type-page","status-publish","has-post-thumbnail","hentry"],"acf":[],"_links":{"self":[{"href":"https:\/\/www.adlergiersch.com\/es\/wp-json\/wp\/v2\/pages\/74","targetHints":{"allow":["GET"]}}],"collection":[{"href":"https:\/\/www.adlergiersch.com\/es\/wp-json\/wp\/v2\/pages"}],"about":[{"href":"https:\/\/www.adlergiersch.com\/es\/wp-json\/wp\/v2\/types\/page"}],"author":[{"embeddable":true,"href":"https:\/\/www.adlergiersch.com\/es\/wp-json\/wp\/v2\/users\/1"}],"replies":[{"embeddable":true,"href":"https:\/\/www.adlergiersch.com\/es\/wp-json\/wp\/v2\/comments?post=74"}],"version-history":[{"count":0,"href":"https:\/\/www.adlergiersch.com\/es\/wp-json\/wp\/v2\/pages\/74\/revisions"}],"up":[{"embeddable":true,"href":"https:\/\/www.adlergiersch.com\/es\/wp-json\/wp\/v2\/pages\/46"}],"wp:featuredmedia":[{"embeddable":true,"href":"https:\/\/www.adlergiersch.com\/es\/wp-json\/wp\/v2\/media\/5287"}],"wp:attachment":[{"href":"https:\/\/www.adlergiersch.com\/es\/wp-json\/wp\/v2\/media?parent=74"}],"curies":[{"name":"wp","href":"https:\/\/api.w.org\/{rel}","templated":true}]}}