{"id":71,"date":"2018-02-26T20:09:52","date_gmt":"2018-02-26T20:09:52","guid":{"rendered":"https:\/\/www.adlergiersch.com\/es\/?page_id=71"},"modified":"2024-01-12T12:22:31","modified_gmt":"2024-01-12T12:22:31","slug":"muerte-injusta","status":"publish","type":"page","link":"https:\/\/www.adlergiersch.com\/es\/areas-de-practica\/muerte-injusta\/","title":{"rendered":"Muerte por negligencia legal"},"content":{"rendered":"\n<div class=\"wp-block-cover alignfull section-hero has-scroll has-white-color has-text-color has-link-color wp-elements-a669a879b5b26a20a890d2b94ac9cc40\" style=\"padding-top:var(--wp--preset--spacing--120);padding-bottom:var(--wp--preset--spacing--120)\"><span aria-hidden=\"true\" class=\"wp-block-cover__background has-background-dim\"><\/span><img loading=\"lazy\" decoding=\"async\" width=\"1920\" height=\"600\" class=\"wp-block-cover__image-background wp-image-249\" alt=\"Mujeres abraz\u00e1ndose y consolando\" src=\"https:\/\/www.adlergiersch.com\/es\/wp-content\/uploads\/sites\/3\/2018\/02\/aop-wrongful-death.jpg\" data-object-fit=\"cover\" srcset=\"https:\/\/www.adlergiersch.com\/es\/wp-content\/uploads\/sites\/3\/2018\/02\/aop-wrongful-death.jpg 1920w, https:\/\/www.adlergiersch.com\/es\/wp-content\/uploads\/sites\/3\/2018\/02\/aop-wrongful-death-300x94.jpg 300w, https:\/\/www.adlergiersch.com\/es\/wp-content\/uploads\/sites\/3\/2018\/02\/aop-wrongful-death-768x240.jpg 768w, https:\/\/www.adlergiersch.com\/es\/wp-content\/uploads\/sites\/3\/2018\/02\/aop-wrongful-death-1024x320.jpg 1024w\" sizes=\"auto, (max-width: 1920px) 100vw, 1920px\" \/><div class=\"wp-block-cover__inner-container is-layout-flow wp-block-cover-is-layout-flow\">\n<div class=\"wp-block-group has-global-padding is-layout-constrained wp-block-group-is-layout-constrained\">\n<div class=\"wp-block-group has-global-padding is-content-justification-left is-layout-constrained wp-container-core-group-is-layout-8589d364 wp-block-group-is-layout-constrained\">\n<p class=\"section-hero__parent has-25-px-font-size\" style=\"margin-bottom:var(--wp--preset--spacing--20)\">\u00c1reas de pr\u00e1ctica<\/p>\n\n\n\n<div class=\"wp-block-group has-global-padding is-content-justification-left is-layout-constrained wp-container-core-group-is-layout-a00c9c03 wp-block-group-is-layout-constrained\">\n<h1 class=\"wp-block-heading section-hero__title\">Muerte injusta<\/h1>\n<\/div>\n\n\n\n<div class=\"wp-block-group section-hero__excerpt has-25-px-font-size has-global-padding is-layout-constrained wp-block-group-is-layout-constrained\">\n<p class=\"has-22-px-font-size\">La muerte de un ser querido es muy dolorosa. Cuando la p\u00e9rdida pudo haberse prevenido, el proceso de duelo es a\u00fan m\u00e1s complejo. Has sido robado de una relaci\u00f3n que nunca puede ser reemplazada. Peleando o negociando con una compa\u00f1\u00eda de seguros en sima de eso es una carga agotadora que ninguna familia deber\u00eda tener que soportar sola. Nuestra firma tiene a\u00f1os de experiencia en el manejo de casos de\u00a0muerte por negligencia legal, y ayudamos a los que quedan atr\u00e1s a encontrar un cierre y justicia.<\/p>\n<\/div>\n\n\n\n<div class=\"wp-block-buttons section-hero__buttons is-layout-flex wp-block-buttons-is-layout-flex\" style=\"margin-top:var(--wp--preset--spacing--32)\">\n<div class=\"wp-block-button\"><a class=\"wp-block-button__link wp-element-button\" href=\"https:\/\/www.adlergiersch.com\/es\/solicite-una-consulta\/\">Solicite una Consulta<\/a><\/div>\n<\/div>\n<\/div>\n<\/div>\n<\/div><\/div>\n\n\n\n<div class=\"wp-block-group has-global-padding is-layout-constrained wp-block-group-is-layout-constrained\" style=\"margin-top:var(--wp--preset--spacing--100);margin-bottom:var(--wp--preset--spacing--100)\">\n<div class=\"wp-block-columns is-layout-flex wp-container-core-columns-is-layout-b987c810 wp-block-columns-is-layout-flex\">\n<div class=\"wp-block-column is-layout-flow wp-block-column-is-layout-flow\" style=\"flex-basis:60%\">\n<h2 class=\"wp-block-heading\">Leyes de muerte injusta en el estado de Washington<\/h2>\n\n\n\n<p>Cuando una persona muere debido a la negligencia de otra persona, la familia de la v\u00edctima puede recuperar compensaci\u00f3n. Esto es escucha sencillo, a\u00fan en el estado de Washington, las leyes alrededor de una muerte injusta por negligencia son confusas y muchas veces injustas. Las leyes de muerte injusta en nuestro estado est\u00e1n contenidas en cinco leyes separadas que indica el tipo de acciones legales que pueden ser alzadas. Dos de los estatutos se refieren como los estatutos de la \u201cmuerte injusta\u201d, y los otros tres se conocen como leyes de \u201csupervivencia\u201d.<a href=\"https:\/\/www.adlergiersch.com\/es\/areas-de-practica\/muerte-injusta\/#_ftn1\"><sup>[1]<\/sup><\/a>&nbsp;<a href=\"https:\/\/www.adlergiersch.com\/es\/areas-de-practica\/muerte-injusta\/#_ftn2\"><sup>[2]<\/sup><\/a><\/p>\n\n\n\n<p><a href=\"https:\/\/www.adlergiersch.com\/es\/areas-de-practica\/muerte-injusta\/#_ftnref1\"><\/a><\/p>\n\n\n\n<h2 class=\"wp-block-heading\">Casos de muerte por negligencia legal requieren conocimiento especial<\/h2>\n\n\n\n<p>Un abogado de lesiones personales debe comprender estos complejos estatutos. Nos especializamos en la ley y el procedimiento de las acciones de muerte injusta y hemos exitosamente luchado y ganado para numerosas familias.<\/p>\n\n\n\n<h2 class=\"wp-block-heading\">Buscar ayuda mientras que la evidencia es reciente<\/h2>\n\n\n\n<p>Si su familia tiene un posible reclamo de muerte injusta, nuestro mejor consejo es buscar una consulta lo m\u00e1s pronto posible, mientras que evidencia y cuentas de testigos son recientes y frescos.<\/p>\n<\/div>\n\n\n\n<div class=\"wp-block-column is-layout-flow wp-container-core-column-is-layout-5dafc681 wp-block-column-is-layout-flow\" style=\"flex-basis:40%\">\n<div class=\"wp-block-buttons is-vertical is-layout-flex wp-container-core-buttons-is-layout-7489e3c2 wp-block-buttons-is-layout-flex\">\n<div class=\"wp-block-button has-custom-width wp-block-button__width-100 has-custom-font-size has-25-px-font-size\"><a class=\"wp-block-button__link has-white-color has-slate-background-color has-text-color has-background has-link-color has-text-align-left wp-element-button\" href=\"https:\/\/www.adlergiersch.com\/es\/nuestros-abogados\/\" style=\"padding-top:var(--wp--preset--spacing--20);padding-bottom:var(--wp--preset--spacing--20)\">Nuestros Abogados<\/a><\/div>\n\n\n\n<div class=\"wp-block-button has-custom-width wp-block-button__width-100 has-custom-font-size has-25-px-font-size\"><a class=\"wp-block-button__link has-white-color has-slate-background-color has-text-color has-background has-link-color has-text-align-left wp-element-button\" href=\"https:\/\/www.adlergiersch.com\/es\/recursos\/preguntas-frecuentes\/\" style=\"padding-top:var(--wp--preset--spacing--20);padding-bottom:var(--wp--preset--spacing--20)\">Preguntas Frecuentes<\/a><\/div>\n\n\n\n<div class=\"wp-block-button has-custom-width wp-block-button__width-100 has-custom-font-size has-25-px-font-size\"><a class=\"wp-block-button__link has-white-color has-slate-background-color has-text-color has-background has-link-color has-text-align-left wp-element-button\" href=\"https:\/\/www.adlergiersch.com\/es\/recursos\/apoyo-y-recursos-de-la-comunidad\/\" style=\"padding-top:var(--wp--preset--spacing--20);padding-bottom:var(--wp--preset--spacing--20)\">Apoyo y Recursos de la Comunidad<\/a><\/div>\n<\/div>\n\n\n\n<div class=\"wp-block-group has-global-padding is-layout-constrained wp-block-group-is-layout-constrained\">\n<div class=\"wp-block-group has-link-color has-20-px-font-size wp-elements-b843aace17d8b7ef6ea753df51300b42 has-global-padding is-layout-constrained wp-block-group-is-layout-constrained\">\n<p><a href=\"https:\/\/www.adlergiersch.com\/es\/comentarios-y-resultados\/casos-de-exito\/\"><strong>P\u00f3<\/strong><strong>ngase<\/strong><strong>&nbsp;en contacto con nuestro equipo para<\/strong><strong>&nbsp;asesoramiento gratuito,&nbsp;<\/strong><strong>sin ning\u00fan tipo de presi\u00f3n<\/strong>.<\/a><\/p>\n\n\n\n<p><a href=\"https:\/\/www.adlergiersch.com\/es\/solicite-una-consulta\/\"><strong>Aprenda<\/strong><strong>&nbsp;m\u00e1s sobre los resultados que hemos conseguido para nuestros clientes que han ha perdido un ser querido<\/strong><\/a><strong>&nbsp;<\/strong><\/p>\n<\/div>\n<\/div>\n<\/div>\n<\/div>\n<\/div>\n","protected":false},"excerpt":{"rendered":"<p>Leyes de muerte injusta en el estado de Washington Cuando una persona muere debido a la negligencia de otra persona, la familia de la v\u00edctima puede recuperar compensaci\u00f3n. Esto es escucha sencillo, a\u00fan en el estado de Washington, las leyes alrededor de una muerte injusta por negligencia son confusas y muchas veces injustas. Las leyes [&hellip;]<\/p>\n","protected":false},"author":1,"featured_media":5287,"parent":46,"menu_order":0,"comment_status":"closed","ping_status":"closed","template":"","meta":{"_acf_changed":false,"inline_featured_image":false,"footnotes":""},"class_list":["post-71","page","type-page","status-publish","has-post-thumbnail","hentry"],"acf":[],"_links":{"self":[{"href":"https:\/\/www.adlergiersch.com\/es\/wp-json\/wp\/v2\/pages\/71","targetHints":{"allow":["GET"]}}],"collection":[{"href":"https:\/\/www.adlergiersch.com\/es\/wp-json\/wp\/v2\/pages"}],"about":[{"href":"https:\/\/www.adlergiersch.com\/es\/wp-json\/wp\/v2\/types\/page"}],"author":[{"embeddable":true,"href":"https:\/\/www.adlergiersch.com\/es\/wp-json\/wp\/v2\/users\/1"}],"replies":[{"embeddable":true,"href":"https:\/\/www.adlergiersch.com\/es\/wp-json\/wp\/v2\/comments?post=71"}],"version-history":[{"count":0,"href":"https:\/\/www.adlergiersch.com\/es\/wp-json\/wp\/v2\/pages\/71\/revisions"}],"up":[{"embeddable":true,"href":"https:\/\/www.adlergiersch.com\/es\/wp-json\/wp\/v2\/pages\/46"}],"wp:featuredmedia":[{"embeddable":true,"href":"https:\/\/www.adlergiersch.com\/es\/wp-json\/wp\/v2\/media\/5287"}],"wp:attachment":[{"href":"https:\/\/www.adlergiersch.com\/es\/wp-json\/wp\/v2\/media?parent=71"}],"curies":[{"name":"wp","href":"https:\/\/api.w.org\/{rel}","templated":true}]}}