{"id":68,"date":"2018-02-26T20:08:43","date_gmt":"2018-02-26T20:08:43","guid":{"rendered":"https:\/\/www.adlergiersch.com\/es\/?page_id=68"},"modified":"2024-01-12T12:21:17","modified_gmt":"2024-01-12T12:21:17","slug":"accidentes-de-bicicleta","status":"publish","type":"page","link":"https:\/\/www.adlergiersch.com\/es\/areas-de-practica\/accidentes-de-bicicleta\/","title":{"rendered":"Accidentes de bicicleta"},"content":{"rendered":"\n<div class=\"wp-block-cover alignfull section-hero has-scroll has-white-color has-text-color has-link-color wp-elements-13f59ecdf379e98e50461ac9467f6e5f\" style=\"padding-top:var(--wp--preset--spacing--120);padding-bottom:var(--wp--preset--spacing--120)\"><span aria-hidden=\"true\" class=\"wp-block-cover__background has-background-dim\"><\/span><img loading=\"lazy\" decoding=\"async\" width=\"1920\" height=\"600\" class=\"wp-block-cover__image-background wp-image-242\" alt=\"una se\u00f1al de tr\u00e1fico para ciclistas\" src=\"https:\/\/www.adlergiersch.com\/es\/wp-content\/uploads\/sites\/3\/2018\/02\/aop-bicycle-accident.jpg\" data-object-fit=\"cover\" srcset=\"https:\/\/www.adlergiersch.com\/es\/wp-content\/uploads\/sites\/3\/2018\/02\/aop-bicycle-accident.jpg 1920w, https:\/\/www.adlergiersch.com\/es\/wp-content\/uploads\/sites\/3\/2018\/02\/aop-bicycle-accident-300x94.jpg 300w, https:\/\/www.adlergiersch.com\/es\/wp-content\/uploads\/sites\/3\/2018\/02\/aop-bicycle-accident-768x240.jpg 768w, https:\/\/www.adlergiersch.com\/es\/wp-content\/uploads\/sites\/3\/2018\/02\/aop-bicycle-accident-1024x320.jpg 1024w\" sizes=\"auto, (max-width: 1920px) 100vw, 1920px\" \/><div class=\"wp-block-cover__inner-container is-layout-flow wp-block-cover-is-layout-flow\">\n<div class=\"wp-block-group has-global-padding is-layout-constrained wp-block-group-is-layout-constrained\">\n<div class=\"wp-block-group has-global-padding is-content-justification-left is-layout-constrained wp-container-core-group-is-layout-8589d364 wp-block-group-is-layout-constrained\">\n<p class=\"section-hero__parent has-25-px-font-size\" style=\"margin-bottom:var(--wp--preset--spacing--20)\">\u00c1reas de pr\u00e1ctica<\/p>\n\n\n\n<div class=\"wp-block-group has-global-padding is-content-justification-left is-layout-constrained wp-container-core-group-is-layout-a00c9c03 wp-block-group-is-layout-constrained\">\n<h1 class=\"wp-block-heading section-hero__title\">Accidentes de bicicleta<\/h1>\n<\/div>\n\n\n\n<div class=\"wp-block-group section-hero__excerpt has-25-px-font-size has-global-padding is-layout-constrained wp-block-group-is-layout-constrained\">\n<p><\/p>\n<\/div>\n\n\n\n<div class=\"wp-block-buttons section-hero__buttons is-layout-flex wp-block-buttons-is-layout-flex\" style=\"margin-top:var(--wp--preset--spacing--32)\">\n<div class=\"wp-block-button\"><a class=\"wp-block-button__link wp-element-button\" href=\"https:\/\/www.adlergiersch.com\/es\/solicite-una-consulta\/\">Solicite una Consulta<\/a><\/div>\n<\/div>\n<\/div>\n<\/div>\n<\/div><\/div>\n\n\n\n<div class=\"wp-block-group has-global-padding is-layout-constrained wp-block-group-is-layout-constrained\" style=\"margin-top:var(--wp--preset--spacing--100);margin-bottom:var(--wp--preset--spacing--100)\">\n<div class=\"wp-block-columns is-layout-flex wp-container-core-columns-is-layout-b987c810 wp-block-columns-is-layout-flex\">\n<div class=\"wp-block-column is-layout-flow wp-block-column-is-layout-flow\" style=\"flex-basis:60%\">\n<h2 class=\"wp-block-heading\">Ciclismo en y alrededor de Seattle<\/h2>\n\n\n\n<p>Bicicleta es una de nuestras maneras preferidas para moverse por la ciudad, si estamos de camino a una de nuestras oficinas, haciendo ejercico, o simplemente disfrutando el PNW. Sabemos que tambi\u00e9n puede ser una ciudad espantosa para ir en la bici, con muchas calles unidireccionales y bicicletas m\u00e1s peque\u00f1as que casi cada otro veh\u00edculo en la carretera.&nbsp;A veces, ocurren accidentes de bicicleta.<\/p>\n\n\n\n<h2 class=\"wp-block-heading\">Las medidas de seguridad de bicicleta de Seattle no siempre evitan lesiones<\/h2>\n\n\n\n<p>Aunque es fortalecente ver la ciudad y el estado invertir caracter\u00edsticas de seguridad como cajas s\u00f3lo para bicicletas en las intersecciones, carriles dedicados y caminos especiales para conectar vecindades, estas caracter\u00edsticas no est\u00e1n en todas partes y no siempre evitan accidentes. Lesiones graves y a veces fatales son comunes cuando un coche, cami\u00f3n o autob\u00fas golpea a un ciclista.&nbsp;Tambi\u00e9n existen reglas especiales para ciclistas y conductores que no siempre son obvias o claras.<\/p>\n\n\n\n<h2 class=\"wp-block-heading\">Somos experimentados en el manejando\u00a0accidentes de bicicleta<\/h2>\n\n\n\n<p>Sabemos que a menudo los ciclistas no tienen la culpa cuando son atropellados por un veh\u00edculo.&nbsp;Con frecuencia, vemos a compa\u00f1\u00edas de seguros saltar a cualquier oportunidad de culpar al ciclista para su propio trauma.&nbsp;Los ciclistas pueden ser adultos o ni\u00f1os. Algunos viven en \u00e1reas urbanas y otros en barrios rurales.&nbsp;Hemos ayudado a cientos de clientes a trav\u00e9s del proceso de tratar con seguros mientras se recuperando de graves accidentes de ciclismo. Nuestra experiencia personal y profesional nos da empat\u00eda \u00fanica y conocimiento para ayudarle a trav\u00e9s de su caso.&nbsp;Nos aseguramos de que los derechos de nuestros clientes como ciclistas est\u00e9n protegidos y de que se paguen sus gastos m\u00e9dicos y otros da\u00f1os.<\/p>\n<\/div>\n\n\n\n<div class=\"wp-block-column is-layout-flow wp-container-core-column-is-layout-5dafc681 wp-block-column-is-layout-flow\" style=\"flex-basis:40%\">\n<div class=\"wp-block-buttons is-vertical is-layout-flex wp-container-core-buttons-is-layout-7489e3c2 wp-block-buttons-is-layout-flex\">\n<div class=\"wp-block-button has-custom-width wp-block-button__width-100 has-custom-font-size has-25-px-font-size\"><a class=\"wp-block-button__link has-white-color has-slate-background-color has-text-color has-background has-link-color has-text-align-left wp-element-button\" href=\"https:\/\/www.adlergiersch.com\/es\/nuestros-abogados\/\" style=\"padding-top:var(--wp--preset--spacing--20);padding-bottom:var(--wp--preset--spacing--20)\">Nuestros Abogados<\/a><\/div>\n\n\n\n<div class=\"wp-block-button has-custom-width wp-block-button__width-100 has-custom-font-size has-25-px-font-size\"><a class=\"wp-block-button__link has-white-color has-slate-background-color has-text-color has-background has-link-color has-text-align-left wp-element-button\" href=\"https:\/\/www.adlergiersch.com\/es\/recursos\/preguntas-frecuentes\/\" style=\"padding-top:var(--wp--preset--spacing--20);padding-bottom:var(--wp--preset--spacing--20)\">Preguntas Frecuentes<\/a><\/div>\n\n\n\n<div class=\"wp-block-button has-custom-width wp-block-button__width-100 has-custom-font-size has-25-px-font-size\"><a class=\"wp-block-button__link has-white-color has-slate-background-color has-text-color has-background has-link-color has-text-align-left wp-element-button\" href=\"https:\/\/www.adlergiersch.com\/es\/recursos\/apoyo-y-recursos-de-la-comunidad\/\" style=\"padding-top:var(--wp--preset--spacing--20);padding-bottom:var(--wp--preset--spacing--20)\">Apoyo y Recursos de la Comunidad<\/a><\/div>\n<\/div>\n\n\n\n<div class=\"wp-block-group has-global-padding is-layout-constrained wp-block-group-is-layout-constrained\">\n<div class=\"wp-block-group has-link-color has-20-px-font-size wp-elements-17a6e27f598065269ab1e008bc72a3d1 has-global-padding is-layout-constrained wp-block-group-is-layout-constrained\">\n<p><a href=\"https:\/\/www.adlergiersch.com\/es\/contacto\/\"><strong>P\u00f3<\/strong><strong>ngase<\/strong><strong>&nbsp;en contacto con nuestro equipo para<\/strong><strong>&nbsp;asesoramiento gratuito,&nbsp;<\/strong><strong>sin ning\u00fan tipo de presi\u00f3n<\/strong>.&nbsp;<\/a><\/p>\n\n\n\n<p><a href=\"https:\/\/www.adlergiersch.com\/es\/comentarios-y-resultados\/casos-de-exito\/\" target=\"_blank\" rel=\"noreferrer noopener\"><strong>Aprenda<\/strong><strong>&nbsp;m\u00e1s sobre los resultados que hemos conseguido para nuestros clientes que han tenido accidentes de bicicleta<\/strong><\/a><\/p>\n<\/div>\n<\/div>\n<\/div>\n<\/div>\n<\/div>\n","protected":false},"excerpt":{"rendered":"<p>Ciclismo en y alrededor de Seattle Bicicleta es una de nuestras maneras preferidas para moverse por la ciudad, si estamos de camino a una de nuestras oficinas, haciendo ejercico, o simplemente disfrutando el PNW. Sabemos que tambi\u00e9n puede ser una ciudad espantosa para ir en la bici, con muchas calles unidireccionales y bicicletas m\u00e1s peque\u00f1as [&hellip;]<\/p>\n","protected":false},"author":1,"featured_media":5287,"parent":46,"menu_order":0,"comment_status":"closed","ping_status":"closed","template":"","meta":{"_acf_changed":false,"inline_featured_image":false,"footnotes":""},"class_list":["post-68","page","type-page","status-publish","has-post-thumbnail","hentry"],"acf":[],"_links":{"self":[{"href":"https:\/\/www.adlergiersch.com\/es\/wp-json\/wp\/v2\/pages\/68","targetHints":{"allow":["GET"]}}],"collection":[{"href":"https:\/\/www.adlergiersch.com\/es\/wp-json\/wp\/v2\/pages"}],"about":[{"href":"https:\/\/www.adlergiersch.com\/es\/wp-json\/wp\/v2\/types\/page"}],"author":[{"embeddable":true,"href":"https:\/\/www.adlergiersch.com\/es\/wp-json\/wp\/v2\/users\/1"}],"replies":[{"embeddable":true,"href":"https:\/\/www.adlergiersch.com\/es\/wp-json\/wp\/v2\/comments?post=68"}],"version-history":[{"count":0,"href":"https:\/\/www.adlergiersch.com\/es\/wp-json\/wp\/v2\/pages\/68\/revisions"}],"up":[{"embeddable":true,"href":"https:\/\/www.adlergiersch.com\/es\/wp-json\/wp\/v2\/pages\/46"}],"wp:featuredmedia":[{"embeddable":true,"href":"https:\/\/www.adlergiersch.com\/es\/wp-json\/wp\/v2\/media\/5287"}],"wp:attachment":[{"href":"https:\/\/www.adlergiersch.com\/es\/wp-json\/wp\/v2\/media?parent=68"}],"curies":[{"name":"wp","href":"https:\/\/api.w.org\/{rel}","templated":true}]}}