{"id":66,"date":"2018-02-26T20:08:02","date_gmt":"2018-02-26T20:08:02","guid":{"rendered":"https:\/\/www.adlergiersch.com\/es\/?page_id=66"},"modified":"2024-01-12T12:18:11","modified_gmt":"2024-01-12T12:18:11","slug":"lesiones-los-pedestres","status":"publish","type":"page","link":"https:\/\/www.adlergiersch.com\/es\/areas-de-practica\/lesiones-los-pedestres\/","title":{"rendered":"Lesiones a los pedestres"},"content":{"rendered":"\n<div class=\"wp-block-cover alignfull section-hero has-scroll has-white-color has-text-color has-link-color wp-elements-791e9ad683a3897a412de816066c40ca\" style=\"padding-top:var(--wp--preset--spacing--120);padding-bottom:var(--wp--preset--spacing--120)\"><span aria-hidden=\"true\" class=\"wp-block-cover__background has-background-dim\"><\/span><img loading=\"lazy\" decoding=\"async\" width=\"1920\" height=\"600\" class=\"wp-block-cover__image-background wp-image-246\" alt=\"peat\u00f3n a punto de ser atropellado por un autom\u00f3vil\" src=\"https:\/\/www.adlergiersch.com\/es\/wp-content\/uploads\/sites\/3\/2018\/02\/aop-pedestrian-injury.jpg\" data-object-fit=\"cover\" srcset=\"https:\/\/www.adlergiersch.com\/es\/wp-content\/uploads\/sites\/3\/2018\/02\/aop-pedestrian-injury.jpg 1920w, https:\/\/www.adlergiersch.com\/es\/wp-content\/uploads\/sites\/3\/2018\/02\/aop-pedestrian-injury-300x94.jpg 300w, https:\/\/www.adlergiersch.com\/es\/wp-content\/uploads\/sites\/3\/2018\/02\/aop-pedestrian-injury-768x240.jpg 768w, https:\/\/www.adlergiersch.com\/es\/wp-content\/uploads\/sites\/3\/2018\/02\/aop-pedestrian-injury-1024x320.jpg 1024w\" sizes=\"auto, (max-width: 1920px) 100vw, 1920px\" \/><div class=\"wp-block-cover__inner-container is-layout-flow wp-block-cover-is-layout-flow\">\n<div class=\"wp-block-group has-global-padding is-layout-constrained wp-block-group-is-layout-constrained\">\n<div class=\"wp-block-group has-global-padding is-content-justification-left is-layout-constrained wp-container-core-group-is-layout-8589d364 wp-block-group-is-layout-constrained\">\n<p class=\"section-hero__parent has-25-px-font-size\" style=\"margin-bottom:var(--wp--preset--spacing--20)\">\u00c1reas de pr\u00e1ctica<\/p>\n\n\n\n<div class=\"wp-block-group has-global-padding is-content-justification-left is-layout-constrained wp-container-core-group-is-layout-a00c9c03 wp-block-group-is-layout-constrained\">\n<h1 class=\"wp-block-heading section-hero__title\">Lesiones a los Pedestres<\/h1>\n<\/div>\n\n\n\n<div class=\"wp-block-group section-hero__excerpt has-25-px-font-size has-global-padding is-layout-constrained wp-block-group-is-layout-constrained\">\n<p><\/p>\n<\/div>\n\n\n\n<div class=\"wp-block-buttons section-hero__buttons is-layout-flex wp-block-buttons-is-layout-flex\" style=\"margin-top:var(--wp--preset--spacing--32)\">\n<div class=\"wp-block-button\"><a class=\"wp-block-button__link wp-element-button\" href=\"https:\/\/www.adlergiersch.com\/es\/solicite-una-consulta\/\">Solicite una Consulta<\/a><\/div>\n<\/div>\n<\/div>\n<\/div>\n<\/div><\/div>\n\n\n\n<div class=\"wp-block-group has-global-padding is-layout-constrained wp-block-group-is-layout-constrained\" style=\"margin-top:var(--wp--preset--spacing--100);margin-bottom:var(--wp--preset--spacing--100)\">\n<div class=\"wp-block-columns is-layout-flex wp-container-core-columns-is-layout-b987c810 wp-block-columns-is-layout-flex\">\n<div class=\"wp-block-column is-layout-flow wp-block-column-is-layout-flow\" style=\"flex-basis:60%\">\n<h2 class=\"wp-block-heading\">Accidentes de pedestres se est\u00e1n convirtiendo m\u00e1s vez m\u00e1s comunes en el PNW<\/h2>\n\n\n\n<p>Cuantas veces han visto autom\u00f3viles y autobuses acelerar a trav\u00e9s de los pasos de pedestres o ir con prisa alrededor de esquinas sin siquiera notarlo? Pie, coche, tr\u00e1fico de autob\u00fas junto con conductores distra\u00eddos y exceso de velocidad se han disparado mientras nuestras carreteras, sistema de tr\u00e1nsito y medidas de protecci\u00f3n han luchado por mantenerse al d\u00eda. Es una \u201ctormenta perfecta\u201d que ha provocado muertes y lesiones a los pedestres.<\/p>\n\n\n\n<h2 class=\"wp-block-heading\">Compa\u00f1\u00edas de seguros culpan los pedestres<\/h2>\n\n\n\n<p>Si usted ha sido golpeado mientras en pie, el proceso de seguro puede ser especialmente complicado. Con frecuencia vemos casos donde las compa\u00f1\u00edas de seguros tratan de culpar a pedestres paro ser golpeado. Hay muchas reglas no escritas y capas de cobertura que no siempre son obvias.&nbsp;Tenemos d\u00e9cadas de experiencia resolviendo con \u00e9xito casos relacionados con lesiones a los pedestres. A veces culpan al peat\u00f3n por vestirse con ropa oscura, por ejemplo. Otras veces, las compa\u00f1\u00edas de seguros intentar\u00e1n desacreditar las lesiones de un peat\u00f3n centr\u00e1ndose en si hubo o no da\u00f1o f\u00edsico en el veh\u00edculo, o si el peat\u00f3n fue atropellado. En estos casos, es especialmente importante contar con alguien que represente a la v\u00edctima y que pueda reunir r\u00e1pidamente las pruebas necesarias para ganar el caso. Nuestro bufete de abogados ha manejado cientos de casos en los que los clientes a pie han recuperado sus costos m\u00e9dicos, sus salarios perdidos y han recibido una compensaci\u00f3n por su dolor y sufrimiento. Tomamos medidas inmediatas para asegurarnos de que toda la informaci\u00f3n necesaria se recopile de inmediato.<\/p>\n<\/div>\n\n\n\n<div class=\"wp-block-column is-layout-flow wp-container-core-column-is-layout-5dafc681 wp-block-column-is-layout-flow\" style=\"flex-basis:40%\">\n<div class=\"wp-block-buttons is-vertical is-layout-flex wp-container-core-buttons-is-layout-7489e3c2 wp-block-buttons-is-layout-flex\">\n<div class=\"wp-block-button has-custom-width wp-block-button__width-100 has-custom-font-size has-25-px-font-size\"><a class=\"wp-block-button__link has-white-color has-slate-background-color has-text-color has-background has-link-color has-text-align-left wp-element-button\" href=\"https:\/\/www.adlergiersch.com\/es\/nuestros-abogados\/\" style=\"padding-top:var(--wp--preset--spacing--20);padding-bottom:var(--wp--preset--spacing--20)\">Nuestros Abogados<\/a><\/div>\n\n\n\n<div class=\"wp-block-button has-custom-width wp-block-button__width-100 has-custom-font-size has-25-px-font-size\"><a class=\"wp-block-button__link has-white-color has-slate-background-color has-text-color has-background has-link-color has-text-align-left wp-element-button\" href=\"https:\/\/www.adlergiersch.com\/es\/recursos\/preguntas-frecuentes\/\" style=\"padding-top:var(--wp--preset--spacing--20);padding-bottom:var(--wp--preset--spacing--20)\">Preguntas Frecuentes<\/a><\/div>\n\n\n\n<div class=\"wp-block-button has-custom-width wp-block-button__width-100 has-custom-font-size has-25-px-font-size\"><a class=\"wp-block-button__link has-white-color has-slate-background-color has-text-color has-background has-link-color has-text-align-left wp-element-button\" href=\"https:\/\/www.adlergiersch.com\/es\/recursos\/apoyo-y-recursos-de-la-comunidad\/\" style=\"padding-top:var(--wp--preset--spacing--20);padding-bottom:var(--wp--preset--spacing--20)\">Apoyo y Recursos de la Comunidad<\/a><\/div>\n<\/div>\n\n\n\n<div class=\"wp-block-group has-global-padding is-layout-constrained wp-block-group-is-layout-constrained\">\n<h4 class=\"wp-block-heading has-text-align-center has-heading-5-font-size\">Ayudamos a desenredar el proceso para que este protegido y puede centrarse en mejorarse.<\/h4>\n\n\n\n<div class=\"wp-block-group has-link-color has-20-px-font-size wp-elements-603430ee7a79c4e2d72d84b585b11d6d has-global-padding is-layout-constrained wp-block-group-is-layout-constrained\">\n<p><a href=\"https:\/\/www.adlergiersch.com\/es\/solicite-una-consulta\/\"><strong>P\u00f3ngase en contacto con nuestro equipo para asesoramiento gratuito, sin ning\u00fan tipo de presi\u00f3n<\/strong>.<\/a><\/p>\n\n\n\n<p><a href=\"https:\/\/www.adlergiersch.com\/es\/comentarios-y-resultados\/\"><strong>Aprenda m\u00e1s sobre los resultados que hemos conseguido para nuestros clientes en casos de pedestres<\/strong><\/a><\/p>\n<\/div>\n<\/div>\n<\/div>\n<\/div>\n<\/div>\n","protected":false},"excerpt":{"rendered":"<p>Accidentes de pedestres se est\u00e1n convirtiendo m\u00e1s vez m\u00e1s comunes en el PNW Cuantas veces han visto autom\u00f3viles y autobuses acelerar a trav\u00e9s de los pasos de pedestres o ir con prisa alrededor de esquinas sin siquiera notarlo? Pie, coche, tr\u00e1fico de autob\u00fas junto con conductores distra\u00eddos y exceso de velocidad se han disparado mientras [&hellip;]<\/p>\n","protected":false},"author":1,"featured_media":5287,"parent":46,"menu_order":0,"comment_status":"closed","ping_status":"closed","template":"","meta":{"_acf_changed":false,"inline_featured_image":false,"footnotes":""},"class_list":["post-66","page","type-page","status-publish","has-post-thumbnail","hentry"],"acf":[],"_links":{"self":[{"href":"https:\/\/www.adlergiersch.com\/es\/wp-json\/wp\/v2\/pages\/66","targetHints":{"allow":["GET"]}}],"collection":[{"href":"https:\/\/www.adlergiersch.com\/es\/wp-json\/wp\/v2\/pages"}],"about":[{"href":"https:\/\/www.adlergiersch.com\/es\/wp-json\/wp\/v2\/types\/page"}],"author":[{"embeddable":true,"href":"https:\/\/www.adlergiersch.com\/es\/wp-json\/wp\/v2\/users\/1"}],"replies":[{"embeddable":true,"href":"https:\/\/www.adlergiersch.com\/es\/wp-json\/wp\/v2\/comments?post=66"}],"version-history":[{"count":0,"href":"https:\/\/www.adlergiersch.com\/es\/wp-json\/wp\/v2\/pages\/66\/revisions"}],"up":[{"embeddable":true,"href":"https:\/\/www.adlergiersch.com\/es\/wp-json\/wp\/v2\/pages\/46"}],"wp:featuredmedia":[{"embeddable":true,"href":"https:\/\/www.adlergiersch.com\/es\/wp-json\/wp\/v2\/media\/5287"}],"wp:attachment":[{"href":"https:\/\/www.adlergiersch.com\/es\/wp-json\/wp\/v2\/media?parent=66"}],"curies":[{"name":"wp","href":"https:\/\/api.w.org\/{rel}","templated":true}]}}