{"id":60,"date":"2018-02-26T20:04:55","date_gmt":"2018-02-26T20:04:55","guid":{"rendered":"https:\/\/www.adlergiersch.com\/es\/?page_id=60"},"modified":"2024-01-12T12:26:18","modified_gmt":"2024-01-12T12:26:18","slug":"accidentes-de-auto","status":"publish","type":"page","link":"https:\/\/www.adlergiersch.com\/es\/areas-de-practica\/accidentes-de-auto\/","title":{"rendered":"Accidentes de auto"},"content":{"rendered":"\n<div class=\"wp-block-cover alignfull section-hero has-scroll has-white-color has-text-color has-link-color wp-elements-85d2b3a849310474da4504db17a7d793\" style=\"padding-top:var(--wp--preset--spacing--120);padding-bottom:var(--wp--preset--spacing--120)\"><span aria-hidden=\"true\" class=\"wp-block-cover__background has-background-dim\"><\/span><img loading=\"lazy\" decoding=\"async\" width=\"1920\" height=\"600\" class=\"wp-block-cover__image-background wp-image-243\" alt=\"Un accidente de auto\" src=\"https:\/\/www.adlergiersch.com\/es\/wp-content\/uploads\/sites\/3\/2018\/02\/aop-car-accident.jpg\" data-object-fit=\"cover\" srcset=\"https:\/\/www.adlergiersch.com\/es\/wp-content\/uploads\/sites\/3\/2018\/02\/aop-car-accident.jpg 1920w, https:\/\/www.adlergiersch.com\/es\/wp-content\/uploads\/sites\/3\/2018\/02\/aop-car-accident-300x94.jpg 300w, https:\/\/www.adlergiersch.com\/es\/wp-content\/uploads\/sites\/3\/2018\/02\/aop-car-accident-768x240.jpg 768w, https:\/\/www.adlergiersch.com\/es\/wp-content\/uploads\/sites\/3\/2018\/02\/aop-car-accident-1024x320.jpg 1024w\" sizes=\"auto, (max-width: 1920px) 100vw, 1920px\" \/><div class=\"wp-block-cover__inner-container is-layout-flow wp-block-cover-is-layout-flow\">\n<div class=\"wp-block-group has-global-padding is-layout-constrained wp-block-group-is-layout-constrained\">\n<div class=\"wp-block-group has-global-padding is-content-justification-left is-layout-constrained wp-container-core-group-is-layout-8589d364 wp-block-group-is-layout-constrained\">\n<p class=\"section-hero__parent has-25-px-font-size\" style=\"margin-bottom:var(--wp--preset--spacing--20)\">\u00c1reas de pr\u00e1ctica<\/p>\n\n\n\n<div class=\"wp-block-group has-global-padding is-content-justification-left is-layout-constrained wp-container-core-group-is-layout-a00c9c03 wp-block-group-is-layout-constrained\">\n<h1 class=\"wp-block-heading section-hero__title\">Accidentes de auto<\/h1>\n<\/div>\n\n\n\n<div class=\"wp-block-group section-hero__excerpt has-25-px-font-size has-global-padding is-layout-constrained wp-block-group-is-layout-constrained\">\n<p>Ya que congesti\u00f3n, tr\u00e1fico portuario y conductores distra\u00eddos alcanzan niveles r\u00e9cord en el Pac\u00edfico Noroeste, colisiones ocurren con m\u00e1s frecuencia.<\/p>\n<\/div>\n\n\n\n<div class=\"wp-block-buttons section-hero__buttons is-layout-flex wp-block-buttons-is-layout-flex\" style=\"margin-top:var(--wp--preset--spacing--32)\">\n<div class=\"wp-block-button\"><a class=\"wp-block-button__link wp-element-button\" href=\"https:\/\/www.adlergiersch.com\/es\/solicite-una-consulta\/\">Solicite una Consulta<\/a><\/div>\n<\/div>\n<\/div>\n<\/div>\n<\/div><\/div>\n\n\n\n<div class=\"wp-block-group has-global-padding is-layout-constrained wp-block-group-is-layout-constrained\" style=\"margin-top:var(--wp--preset--spacing--100);margin-bottom:var(--wp--preset--spacing--100)\">\n<div class=\"wp-block-columns is-layout-flex wp-container-core-columns-is-layout-b987c810 wp-block-columns-is-layout-flex\">\n<div class=\"wp-block-column is-layout-flow wp-block-column-is-layout-flow\" style=\"flex-basis:60%\">\n<h2 class=\"wp-block-heading\">Detalles peque\u00f1os pueden hacer una gran diferencia en su caso<\/h2>\n\n\n\n<p>Si has estado en un accidente de coche, golpeado por un cami\u00f3n comercial o golpeado en su motocicleta o scooter, las lesiones resultantes pueden cambiar su vida. Qu\u00e9 grave son las lesiones depende de una variedad de factores: la velocidad de impacto, la posici\u00f3n de su cuerpo, el tama\u00f1o de los veh\u00edculos involucrados y mucho m\u00e1s. Trauma significante puede ocurrir incluso a baja velocidad.<\/p>\n\n\n\n<p>Nuestro equipo de abogados , expertos y recursos est\u00e1n entrenados a descubrir matices cr\u00edticos y con frecuencia pasado por alto que pueden llegar a ser enormes fabricantes de diferencias en un caso. Colaboramos activamente con los involucrados en su recuperaci\u00f3n (su familia, seres queridos y su equipo de atenci\u00f3n m\u00e9dica) para ayudarle a recuperar su calidad de vida de una manera hol\u00edstica que es tan r\u00e1pido y tan libre de estr\u00e9s como podemos hacerlo.<\/p>\n<\/div>\n\n\n\n<div class=\"wp-block-column is-layout-flow wp-container-core-column-is-layout-5dafc681 wp-block-column-is-layout-flow\" style=\"flex-basis:40%\">\n<div class=\"wp-block-buttons is-vertical is-layout-flex wp-container-core-buttons-is-layout-7489e3c2 wp-block-buttons-is-layout-flex\">\n<div class=\"wp-block-button has-custom-width wp-block-button__width-100 has-custom-font-size has-25-px-font-size\"><a class=\"wp-block-button__link has-white-color has-slate-background-color has-text-color has-background has-link-color has-text-align-left wp-element-button\" href=\"https:\/\/www.adlergiersch.com\/es\/nuestros-abogados\/\" style=\"padding-top:var(--wp--preset--spacing--20);padding-bottom:var(--wp--preset--spacing--20)\">Nuestros Abogados<\/a><\/div>\n\n\n\n<div class=\"wp-block-button has-custom-width wp-block-button__width-100 has-custom-font-size has-25-px-font-size\"><a class=\"wp-block-button__link has-white-color has-slate-background-color has-text-color has-background has-link-color has-text-align-left wp-element-button\" href=\"https:\/\/www.adlergiersch.com\/es\/recursos\/preguntas-frecuentes\/\" style=\"padding-top:var(--wp--preset--spacing--20);padding-bottom:var(--wp--preset--spacing--20)\">Preguntas Frecuentes<\/a><\/div>\n\n\n\n<div class=\"wp-block-button has-custom-width wp-block-button__width-100 has-custom-font-size has-25-px-font-size\"><a class=\"wp-block-button__link has-white-color has-slate-background-color has-text-color has-background has-link-color has-text-align-left wp-element-button\" href=\"https:\/\/www.adlergiersch.com\/es\/recursos\/apoyo-y-recursos-de-la-comunidad\/\" style=\"padding-top:var(--wp--preset--spacing--20);padding-bottom:var(--wp--preset--spacing--20)\">Apoyo y Recursos de la Comunidad<\/a><\/div>\n<\/div>\n\n\n\n<div class=\"wp-block-group has-global-padding is-layout-constrained wp-block-group-is-layout-constrained\">\n<div class=\"wp-block-group has-link-color has-20-px-font-size wp-elements-9aed67b4801a944994a6e2a166962382 has-global-padding is-layout-constrained wp-block-group-is-layout-constrained\">\n<p><a href=\"https:\/\/www.adlergiersch.com\/es\/comentarios-y-resultados\/casos-de-exito\/\">Aprenda m\u00e1s sobre los resultados que hemos conseguido para nuestros clientes que han estado en accidentes de auto&nbsp;<\/a><\/p>\n\n\n\n<p><a href=\"https:\/\/www.adlergiersch.com\/es\/solicite-una-consulta\/\">P\u00f3ngase en contacto con nuestro equipo para asesoramiento gratuito sin ning\u00fan tipo de presi\u00f3n.<\/a><\/p>\n<\/div>\n<\/div>\n<\/div>\n<\/div>\n<\/div>\n","protected":false},"excerpt":{"rendered":"<p>Detalles peque\u00f1os pueden hacer una gran diferencia en su caso Si has estado en un accidente de coche, golpeado por un cami\u00f3n comercial o golpeado en su motocicleta o scooter, las lesiones resultantes pueden cambiar su vida. Qu\u00e9 grave son las lesiones depende de una variedad de factores: la velocidad de impacto, la posici\u00f3n de [&hellip;]<\/p>\n","protected":false},"author":1,"featured_media":5287,"parent":46,"menu_order":0,"comment_status":"closed","ping_status":"closed","template":"","meta":{"_acf_changed":false,"inline_featured_image":false,"footnotes":""},"class_list":["post-60","page","type-page","status-publish","has-post-thumbnail","hentry"],"acf":[],"_links":{"self":[{"href":"https:\/\/www.adlergiersch.com\/es\/wp-json\/wp\/v2\/pages\/60","targetHints":{"allow":["GET"]}}],"collection":[{"href":"https:\/\/www.adlergiersch.com\/es\/wp-json\/wp\/v2\/pages"}],"about":[{"href":"https:\/\/www.adlergiersch.com\/es\/wp-json\/wp\/v2\/types\/page"}],"author":[{"embeddable":true,"href":"https:\/\/www.adlergiersch.com\/es\/wp-json\/wp\/v2\/users\/1"}],"replies":[{"embeddable":true,"href":"https:\/\/www.adlergiersch.com\/es\/wp-json\/wp\/v2\/comments?post=60"}],"version-history":[{"count":0,"href":"https:\/\/www.adlergiersch.com\/es\/wp-json\/wp\/v2\/pages\/60\/revisions"}],"up":[{"embeddable":true,"href":"https:\/\/www.adlergiersch.com\/es\/wp-json\/wp\/v2\/pages\/46"}],"wp:featuredmedia":[{"embeddable":true,"href":"https:\/\/www.adlergiersch.com\/es\/wp-json\/wp\/v2\/media\/5287"}],"wp:attachment":[{"href":"https:\/\/www.adlergiersch.com\/es\/wp-json\/wp\/v2\/media?parent=60"}],"curies":[{"name":"wp","href":"https:\/\/api.w.org\/{rel}","templated":true}]}}