{"id":49,"date":"2018-02-26T19:58:05","date_gmt":"2018-02-26T19:58:05","guid":{"rendered":"https:\/\/www.adlergiersch.com\/es\/?page_id=49"},"modified":"2024-01-09T13:43:02","modified_gmt":"2024-01-09T13:43:02","slug":"nuestro-equipo-bilingue-recursos","status":"publish","type":"page","link":"https:\/\/www.adlergiersch.com\/es\/nuestro-equipo-bilingue-recursos\/","title":{"rendered":"Nuestro equipo biling\u00fce: Recursos"},"content":{"rendered":"\n<div class=\"wp-block-cover alignfull is-light section-hero has-scroll has-slate-color has-text-color has-link-color wp-elements-02758b34151c659634d96cfb061c767c\" style=\"padding-top:var(--wp--preset--spacing--120);padding-bottom:var(--wp--preset--spacing--120)\"><span aria-hidden=\"true\" class=\"wp-block-cover__background has-background-dim-0 has-background-dim\"><\/span><img loading=\"lazy\" decoding=\"async\" width=\"1920\" height=\"1220\" class=\"wp-block-cover__image-background wp-image-5232\" alt=\"\" src=\"https:\/\/www.adlergiersch.com\/es\/wp-content\/uploads\/sites\/3\/2024\/01\/placeholder.svg\" data-object-fit=\"cover\"\/><div class=\"wp-block-cover__inner-container is-layout-flow wp-block-cover-is-layout-flow\">\n<div class=\"wp-block-group has-global-padding is-layout-constrained wp-block-group-is-layout-constrained\">\n<div class=\"wp-block-group has-global-padding is-content-justification-left is-layout-constrained wp-container-core-group-is-layout-8589d364 wp-block-group-is-layout-constrained\">\n<p class=\"section-hero__parent has-25-px-font-size\" style=\"margin-bottom:var(--wp--preset--spacing--20)\"><\/p>\n\n\n\n<div class=\"wp-block-group has-global-padding is-content-justification-left is-layout-constrained wp-container-core-group-is-layout-a00c9c03 wp-block-group-is-layout-constrained\">\n<h1 class=\"wp-block-heading section-hero__title\">Recursos<\/h1>\n<\/div>\n\n\n\n<div class=\"wp-block-group section-hero__excerpt has-25-px-font-size has-global-padding is-layout-constrained wp-block-group-is-layout-constrained\">\n<p>Nuestro equipo biling\u00fce est\u00e1 configurado para proporcionar\u00a0experto, cuidadoso apoyo a nuestro clientes hispanohablantes.\u00a0Adem\u00e1s a los servicios que brindamos, hemos creado una lista de informaci\u00f3n \u00fatil sobre c\u00f3mo funcionan los casos y reclamos, as\u00ed como tambi\u00e9n recursos para ayudarle a navegar sus lesi\u00f3nes personal.<\/p>\n<\/div>\n\n\n\n<div class=\"wp-block-buttons section-hero__buttons is-layout-flex wp-block-buttons-is-layout-flex\" style=\"margin-top:var(--wp--preset--spacing--32)\">\n<div class=\"wp-block-button\"><a class=\"wp-block-button__link has-white-color has-text-color has-link-color wp-element-button\" href=\"https:\/\/www.adlergiersch.com\/es\/solicite-una-consulta\/\">Solicite una Consulta<\/a><\/div>\n<\/div>\n<\/div>\n<\/div>\n<\/div><\/div>\n\n\n\n<div class=\"wp-block-group has-global-padding is-layout-constrained wp-container-core-group-is-layout-787d3368 wp-block-group-is-layout-constrained\" style=\"margin-top:var(--wp--preset--spacing--120);margin-bottom:var(--wp--preset--spacing--160)\">\n<div class=\"wp-block-group has-global-padding is-layout-constrained wp-container-core-group-is-layout-50706169 wp-block-group-is-layout-constrained\">\n<h4 class=\"wp-block-heading has-background-color has-slate-background-color has-text-color has-background has-link-color wp-elements-17724cde3d020a36b2e08503548b3a58\" style=\"padding-top:var(--wp--preset--spacing--15);padding-right:var(--wp--preset--spacing--24);padding-bottom:var(--wp--preset--spacing--15);padding-left:var(--wp--preset--spacing--24)\"><a href=\"https:\/\/www.adlergiersch.com\/es\/nuestros-abogados\/\">Nuestros Abogados<\/a><\/h4>\n\n\n\n<h4 class=\"wp-block-heading has-background-color has-slate-background-color has-text-color has-background has-link-color wp-elements-c2fa382c407e5784c537296e513436cf\" style=\"padding-top:var(--wp--preset--spacing--15);padding-right:var(--wp--preset--spacing--24);padding-bottom:var(--wp--preset--spacing--15);padding-left:var(--wp--preset--spacing--24)\"><a href=\"https:\/\/www.adlergiersch.com\/es\/recursos\/preguntas-frecuentes\/\">Preguntas frecuentes<\/a><\/h4>\n\n\n\n<h4 class=\"wp-block-heading has-background-color has-slate-background-color has-text-color has-background has-link-color wp-elements-ade66a0afe9a97a55c181c243126749d\" style=\"padding-top:var(--wp--preset--spacing--15);padding-right:var(--wp--preset--spacing--24);padding-bottom:var(--wp--preset--spacing--15);padding-left:var(--wp--preset--spacing--24)\"><a href=\"https:\/\/www.adlergiersch.com\/es\/recursos\/apoyo-y-recursos-de-la-comunidad\/\">Apoyo y recursos de la comunidad<\/a><\/h4>\n<\/div>\n<\/div>\n","protected":false},"excerpt":{"rendered":"<p>Nuestros Abogados Preguntas frecuentes Apoyo y recursos de la comunidad<\/p>\n","protected":false},"author":1,"featured_media":5287,"parent":0,"menu_order":0,"comment_status":"closed","ping_status":"closed","template":"","meta":{"_acf_changed":false,"inline_featured_image":false,"footnotes":""},"class_list":["post-49","page","type-page","status-publish","has-post-thumbnail","hentry"],"acf":[],"_links":{"self":[{"href":"https:\/\/www.adlergiersch.com\/es\/wp-json\/wp\/v2\/pages\/49","targetHints":{"allow":["GET"]}}],"collection":[{"href":"https:\/\/www.adlergiersch.com\/es\/wp-json\/wp\/v2\/pages"}],"about":[{"href":"https:\/\/www.adlergiersch.com\/es\/wp-json\/wp\/v2\/types\/page"}],"author":[{"embeddable":true,"href":"https:\/\/www.adlergiersch.com\/es\/wp-json\/wp\/v2\/users\/1"}],"replies":[{"embeddable":true,"href":"https:\/\/www.adlergiersch.com\/es\/wp-json\/wp\/v2\/comments?post=49"}],"version-history":[{"count":0,"href":"https:\/\/www.adlergiersch.com\/es\/wp-json\/wp\/v2\/pages\/49\/revisions"}],"wp:featuredmedia":[{"embeddable":true,"href":"https:\/\/www.adlergiersch.com\/es\/wp-json\/wp\/v2\/media\/5287"}],"wp:attachment":[{"href":"https:\/\/www.adlergiersch.com\/es\/wp-json\/wp\/v2\/media?parent=49"}],"curies":[{"name":"wp","href":"https:\/\/api.w.org\/{rel}","templated":true}]}}