{"id":43,"date":"2018-02-26T19:45:34","date_gmt":"2018-02-26T19:45:34","guid":{"rendered":"https:\/\/www.adlergiersch.com\/es\/?page_id=43"},"modified":"2024-01-11T21:47:32","modified_gmt":"2024-01-11T21:47:32","slug":"premios-y-reconocimiento","status":"publish","type":"page","link":"https:\/\/www.adlergiersch.com\/es\/comentarios-y-resultados\/premios-y-reconocimiento\/","title":{"rendered":"Premios y reconocimiento"},"content":{"rendered":"\n<div class=\"wp-block-cover alignfull is-light section-hero has-scroll has-slate-color has-text-color has-link-color wp-elements-cf90c8cc51bedc87464a5d1d63a272aa\" style=\"padding-top:var(--wp--preset--spacing--120);padding-bottom:var(--wp--preset--spacing--120)\"><span aria-hidden=\"true\" class=\"wp-block-cover__background has-background-dim-0 has-background-dim\"><\/span><img loading=\"lazy\" decoding=\"async\" width=\"1920\" height=\"1220\" class=\"wp-block-cover__image-background wp-image-5232\" alt=\"\" src=\"https:\/\/www.adlergiersch.com\/es\/wp-content\/uploads\/sites\/3\/2024\/01\/placeholder.svg\" data-object-fit=\"cover\"\/><div class=\"wp-block-cover__inner-container is-layout-flow wp-block-cover-is-layout-flow\">\n<div class=\"wp-block-group has-global-padding is-layout-constrained wp-block-group-is-layout-constrained\">\n<div class=\"wp-block-group has-global-padding is-content-justification-left is-layout-constrained wp-container-core-group-is-layout-8589d364 wp-block-group-is-layout-constrained\">\n<p class=\"section-hero__parent has-25-px-font-size\" style=\"margin-bottom:var(--wp--preset--spacing--20)\"><\/p>\n\n\n\n<div class=\"wp-block-group has-global-padding is-content-justification-left is-layout-constrained wp-container-core-group-is-layout-a00c9c03 wp-block-group-is-layout-constrained\">\n<h1 class=\"wp-block-heading section-hero__title\">Premios y reconocimiento<\/h1>\n<\/div>\n\n\n\n<div class=\"wp-block-group section-hero__excerpt has-25-px-font-size has-global-padding is-layout-constrained wp-block-group-is-layout-constrained\">\n<p>Premios y reconocimiento: Trabajamos duro para nuestros clientes y nuestras comunidades. De vez en cuando, somos reconocidos por ese trabajo. Estos son algunos ejemplos de los premios y reconocimientos que hemos recibido por nuestro trabajo en la comunidad.<\/p>\n<\/div>\n\n\n\n<div class=\"wp-block-buttons section-hero__buttons is-layout-flex wp-block-buttons-is-layout-flex\" style=\"margin-top:var(--wp--preset--spacing--32)\">\n<div class=\"wp-block-button\"><a class=\"wp-block-button__link has-white-color has-text-color has-link-color wp-element-button\" href=\"https:\/\/www.adlergiersch.com\/es\/solicite-una-consulta\/\">Solicite una Consulta<\/a><\/div>\n<\/div>\n<\/div>\n<\/div>\n<\/div><\/div>\n\n\n\n<div class=\"wp-block-group has-18-px-font-size has-global-padding is-layout-constrained wp-container-core-group-is-layout-b2705652 wp-block-group-is-layout-constrained\" style=\"margin-top:var(--wp--preset--spacing--120);margin-bottom:var(--wp--preset--spacing--120)\">\n<h2 class=\"wp-block-heading has-text-align-center has-heading-3-font-size\" style=\"margin-bottom:var(--wp--preset--spacing--60)\"><strong>M\u00e1s informaci\u00f3n sobre nuestro servicio galardonado abajo:<\/strong><\/h2>\n\n\n\n<div class=\"wp-block-group has-global-padding is-layout-constrained wp-container-core-group-is-layout-5a30f31b wp-block-group-is-layout-constrained\">\n<div class=\"wp-block-columns is-layout-flex wp-container-core-columns-is-layout-b987c810 wp-block-columns-is-layout-flex\">\n<div class=\"wp-block-column is-layout-flow wp-block-column-is-layout-flow\">\n<figure class=\"wp-block-image aligncenter size-full\"><img loading=\"lazy\" decoding=\"async\" width=\"100\" height=\"100\" src=\"https:\/\/www.adlergiersch.com\/es\/wp-content\/uploads\/sites\/3\/2018\/03\/avvo-client-choice.png\" alt=\"premio de elecci\u00f3n de clientes\" class=\"wp-image-4821\"\/><\/figure>\n\n\n\n<p class=\"has-text-align-center\">Basado en comentarios destacados de clientes en Avvo.com, nuestros abogados han sido presentados con el premio de elecci\u00f3n de clientes.<\/p>\n<\/div>\n\n\n\n<div class=\"wp-block-column is-layout-flow wp-block-column-is-layout-flow\">\n<figure class=\"wp-block-image aligncenter size-full\"><img loading=\"lazy\" decoding=\"async\" width=\"100\" height=\"100\" src=\"https:\/\/www.adlergiersch.com\/es\/wp-content\/uploads\/sites\/3\/2018\/03\/Avvo-10-web.png\" alt=\"un prestigioso premio votado por los clients y otros abogados del directorio legal en l\u00ednea m\u00e1s grande del mundo\" class=\"wp-image-4820\"\/><\/figure>\n\n\n\n<p class=\"has-text-align-center\">El directorio legal en l\u00ednea m\u00e1s grande del mundo, Avvo clasifica abogados basados en clasificaciones imparciales de clientes, comentarios y estudios independientes en una escala de 1 a 10, con 10 siendo excelente.<\/p>\n<\/div>\n<\/div>\n\n\n\n<div class=\"wp-block-columns is-layout-flex wp-container-core-columns-is-layout-b987c810 wp-block-columns-is-layout-flex\">\n<div class=\"wp-block-column is-layout-flow wp-block-column-is-layout-flow\">\n<figure class=\"wp-block-image aligncenter size-full\"><img loading=\"lazy\" decoding=\"async\" width=\"100\" height=\"100\" src=\"https:\/\/www.adlergiersch.com\/es\/wp-content\/uploads\/sites\/3\/2018\/02\/Million-Dollar-Advocate.png\" alt=\"Premio de 1 mill\u00f3n de d\u00f3lares\" class=\"wp-image-278\"\/><\/figure>\n\n\n\n<p class=\"has-text-align-center\">Membres\u00eda es limitada a los abogados con acuerdos m\u00e1s de 1 mill\u00f3n de d\u00f3lares. Menos del 1% de los abogados de EE.UU son miembros.<\/p>\n<\/div>\n\n\n\n<div class=\"wp-block-column is-layout-flow wp-block-column-is-layout-flow\">\n<figure class=\"wp-block-image aligncenter size-full\"><img loading=\"lazy\" decoding=\"async\" width=\"100\" height=\"100\" src=\"https:\/\/www.adlergiersch.com\/es\/wp-content\/uploads\/sites\/3\/2018\/02\/wsba-logo-pro-bono.png\" alt=\"Colegio de Abogados del Estado de Washington\" class=\"wp-image-288\"\/><\/figure>\n\n\n\n<p class=\"has-text-align-center\">La asociaci\u00f3n de barra del estado de Washington premia abogados en Washington que excedan 50 horas o m\u00e1s de servicio de pro bono en un a\u00f1o.<\/p>\n<\/div>\n<\/div>\n\n\n\n<div class=\"wp-block-columns is-layout-flex wp-container-core-columns-is-layout-b987c810 wp-block-columns-is-layout-flex\">\n<div class=\"wp-block-column is-layout-flow wp-block-column-is-layout-flow\">\n<figure class=\"wp-block-image aligncenter size-full\"><img loading=\"lazy\" decoding=\"async\" width=\"100\" height=\"100\" src=\"https:\/\/www.adlergiersch.com\/es\/wp-content\/uploads\/sites\/3\/2018\/03\/Martindale-Hubbell-stars-2018BW3.png\" alt=\"Martindale-Hubbell premio\" class=\"wp-image-4818\"\/><\/figure>\n\n\n\n<p class=\"has-text-align-center\">El est\u00e1ndar de oro para clasificaciones de compa\u00f1eros de abogados basados en conocimientos legales y las normas \u00e9ticas.<\/p>\n<\/div>\n\n\n\n<div class=\"wp-block-column is-layout-flow wp-block-column-is-layout-flow\">\n<figure class=\"wp-block-image aligncenter size-full\"><img loading=\"lazy\" decoding=\"async\" width=\"100\" height=\"100\" src=\"https:\/\/www.adlergiersch.com\/es\/wp-content\/uploads\/sites\/3\/2018\/03\/2017-smb-logo-bw.png\" alt=\"Premio de Seattle 100 mejores empresas\" class=\"wp-image-4819\"\/><\/figure>\n\n\n\n<p class=\"has-text-align-center\">Por tercer a\u00f1os consecutivos, Adler Giersch fue seleccionado como uno de los mejores lugares para trabajar en el Pacific North West basado en encuestas realizadas por la revista de negocios de Seattle.<\/p>\n<\/div>\n<\/div>\n\n\n\n<div class=\"wp-block-columns is-layout-flex wp-container-core-columns-is-layout-b987c810 wp-block-columns-is-layout-flex\">\n<div class=\"wp-block-column is-layout-flow wp-block-column-is-layout-flow\">\n<figure class=\"wp-block-image aligncenter size-full\"><img loading=\"lazy\" decoding=\"async\" width=\"100\" height=\"100\" src=\"https:\/\/www.adlergiersch.com\/es\/wp-content\/uploads\/sites\/3\/2018\/03\/Super-Lawyers-2017.png\" alt=\"premio de S\u00faper abogados\" class=\"wp-image-4817\"\/><\/figure>\n\n\n\n<p class=\"has-text-align-center\">S\u00f3lo el superior 5% de abogados en Washington son seleccionados como abogados destacados que han alcanzado un alto grado de reconocimiento (nominaci\u00f3n y evaluaciones en profundidad) y logros profesionales.<\/p>\n<\/div>\n\n\n\n<div class=\"wp-block-column is-layout-flow wp-block-column-is-layout-flow\">\n<figure class=\"wp-block-image aligncenter size-full\"><img loading=\"lazy\" decoding=\"async\" width=\"100\" height=\"100\" src=\"https:\/\/www.adlergiersch.com\/es\/wp-content\/uploads\/sites\/3\/2018\/02\/super-lawyers-rising-stars-logo-bw.png\" alt=\"Premio de super abogados j\u00f3venes\" class=\"wp-image-275\"\/><\/figure>\n\n\n\n<p class=\"has-text-align-center\">S\u00f3lo el superior 2.5% de abogados en Washington licenciados dentro de los \u00faltimos 10 a\u00f1os son seleccionado como abogados destacados basado en nominaciones, evaluaciones y estudios de su compa\u00f1eros.<\/p>\n<\/div>\n<\/div>\n<\/div>\n<\/div>\n","protected":false},"excerpt":{"rendered":"<p>M\u00e1s informaci\u00f3n sobre nuestro servicio galardonado abajo: Basado en comentarios destacados de clientes en Avvo.com, nuestros abogados han sido presentados con el premio de elecci\u00f3n de clientes. El directorio legal en l\u00ednea m\u00e1s grande del mundo, Avvo clasifica abogados basados en clasificaciones imparciales de clientes, comentarios y estudios independientes en una escala de 1 a [&hellip;]<\/p>\n","protected":false},"author":1,"featured_media":5287,"parent":31,"menu_order":0,"comment_status":"closed","ping_status":"closed","template":"","meta":{"_acf_changed":false,"inline_featured_image":false,"footnotes":""},"class_list":["post-43","page","type-page","status-publish","has-post-thumbnail","hentry"],"acf":[],"_links":{"self":[{"href":"https:\/\/www.adlergiersch.com\/es\/wp-json\/wp\/v2\/pages\/43","targetHints":{"allow":["GET"]}}],"collection":[{"href":"https:\/\/www.adlergiersch.com\/es\/wp-json\/wp\/v2\/pages"}],"about":[{"href":"https:\/\/www.adlergiersch.com\/es\/wp-json\/wp\/v2\/types\/page"}],"author":[{"embeddable":true,"href":"https:\/\/www.adlergiersch.com\/es\/wp-json\/wp\/v2\/users\/1"}],"replies":[{"embeddable":true,"href":"https:\/\/www.adlergiersch.com\/es\/wp-json\/wp\/v2\/comments?post=43"}],"version-history":[{"count":0,"href":"https:\/\/www.adlergiersch.com\/es\/wp-json\/wp\/v2\/pages\/43\/revisions"}],"up":[{"embeddable":true,"href":"https:\/\/www.adlergiersch.com\/es\/wp-json\/wp\/v2\/pages\/31"}],"wp:featuredmedia":[{"embeddable":true,"href":"https:\/\/www.adlergiersch.com\/es\/wp-json\/wp\/v2\/media\/5287"}],"wp:attachment":[{"href":"https:\/\/www.adlergiersch.com\/es\/wp-json\/wp\/v2\/media?parent=43"}],"curies":[{"name":"wp","href":"https:\/\/api.w.org\/{rel}","templated":true}]}}