{"id":361,"date":"2018-02-27T17:23:38","date_gmt":"2018-02-27T17:23:38","guid":{"rendered":"https:\/\/www.adlergiersch.com\/es\/?page_id=361"},"modified":"2024-01-12T12:43:16","modified_gmt":"2024-01-12T12:43:16","slug":"solicitar-una-pagina-de-confirmacion-de-consulta","status":"publish","type":"page","link":"https:\/\/www.adlergiersch.com\/es\/solicite-una-consulta\/solicitar-una-pagina-de-confirmacion-de-consulta\/","title":{"rendered":"Solicitar una p\u00e1gina de confirmaci\u00f3n de consulta"},"content":{"rendered":"\n<div class=\"wp-block-group has-global-padding is-layout-constrained wp-container-core-group-is-layout-5546196d wp-block-group-is-layout-constrained\" style=\"margin-top:var(--wp--preset--spacing--100);margin-bottom:var(--wp--preset--spacing--100)\">\n<h1 class=\"wp-block-heading\">Gracias por contactarnos<\/h1>\n\n\n\n<p>Puede esperar o\u00edr de desde nuestra oficina en 1 d\u00eda laboral para establecer una llamada telef\u00f3nica inicial con uno de nuestros abogados. Mientras tanto, si usted tiene un asunto urgente, por favor llame a nuestra oficina de lunes a viernes entre 8:30-5pm.<\/p>\n<\/div>\n","protected":false},"excerpt":{"rendered":"<p>Gracias por contactarnos Puede esperar o\u00edr de desde nuestra oficina en 1 d\u00eda laboral para establecer una llamada telef\u00f3nica inicial con uno de nuestros abogados. Mientras tanto, si usted tiene un asunto urgente, por favor llame a nuestra oficina de lunes a viernes entre 8:30-5pm.<\/p>\n","protected":false},"author":1,"featured_media":5287,"parent":343,"menu_order":0,"comment_status":"closed","ping_status":"closed","template":"","meta":{"_acf_changed":false,"inline_featured_image":false,"footnotes":""},"class_list":["post-361","page","type-page","status-publish","has-post-thumbnail","hentry"],"acf":[],"_links":{"self":[{"href":"https:\/\/www.adlergiersch.com\/es\/wp-json\/wp\/v2\/pages\/361","targetHints":{"allow":["GET"]}}],"collection":[{"href":"https:\/\/www.adlergiersch.com\/es\/wp-json\/wp\/v2\/pages"}],"about":[{"href":"https:\/\/www.adlergiersch.com\/es\/wp-json\/wp\/v2\/types\/page"}],"author":[{"embeddable":true,"href":"https:\/\/www.adlergiersch.com\/es\/wp-json\/wp\/v2\/users\/1"}],"replies":[{"embeddable":true,"href":"https:\/\/www.adlergiersch.com\/es\/wp-json\/wp\/v2\/comments?post=361"}],"version-history":[{"count":0,"href":"https:\/\/www.adlergiersch.com\/es\/wp-json\/wp\/v2\/pages\/361\/revisions"}],"up":[{"embeddable":true,"href":"https:\/\/www.adlergiersch.com\/es\/wp-json\/wp\/v2\/pages\/343"}],"wp:featuredmedia":[{"embeddable":true,"href":"https:\/\/www.adlergiersch.com\/es\/wp-json\/wp\/v2\/media\/5287"}],"wp:attachment":[{"href":"https:\/\/www.adlergiersch.com\/es\/wp-json\/wp\/v2\/media?parent=361"}],"curies":[{"name":"wp","href":"https:\/\/api.w.org\/{rel}","templated":true}]}}