{"id":31,"date":"2018-02-26T19:39:14","date_gmt":"2018-02-26T19:39:14","guid":{"rendered":"https:\/\/www.adlergiersch.com\/es\/?page_id=31"},"modified":"2024-01-09T13:10:35","modified_gmt":"2024-01-09T13:10:35","slug":"comentarios-y-resultados","status":"publish","type":"page","link":"https:\/\/www.adlergiersch.com\/es\/comentarios-y-resultados\/","title":{"rendered":"Comentarios y resultados"},"content":{"rendered":"\n<div class=\"wp-block-cover alignfull is-light section-hero has-scroll has-slate-color has-text-color has-link-color wp-elements-87eda0f82a3b4b63edd9bad2641c9054\" style=\"padding-top:var(--wp--preset--spacing--120);padding-bottom:var(--wp--preset--spacing--120)\"><span aria-hidden=\"true\" class=\"wp-block-cover__background has-background-dim-0 has-background-dim\"><\/span><img loading=\"lazy\" decoding=\"async\" width=\"1920\" height=\"1220\" class=\"wp-block-cover__image-background wp-image-5232\" alt=\"\" src=\"https:\/\/www.adlergiersch.com\/es\/wp-content\/uploads\/sites\/3\/2024\/01\/placeholder.svg\" data-object-fit=\"cover\"\/><div class=\"wp-block-cover__inner-container is-layout-flow wp-block-cover-is-layout-flow\">\n<div class=\"wp-block-group has-global-padding is-layout-constrained wp-block-group-is-layout-constrained\">\n<div class=\"wp-block-group has-global-padding is-content-justification-left is-layout-constrained wp-container-core-group-is-layout-8589d364 wp-block-group-is-layout-constrained\">\n<p class=\"section-hero__parent has-25-px-font-size\" style=\"margin-bottom:var(--wp--preset--spacing--20)\"><\/p>\n\n\n\n<div class=\"wp-block-group has-global-padding is-content-justification-left is-layout-constrained wp-container-core-group-is-layout-a00c9c03 wp-block-group-is-layout-constrained\">\n<h1 class=\"wp-block-heading section-hero__title\"><mark style=\"background-color:rgba(0, 0, 0, 0)\" class=\"has-inline-color has-rust-color\">Comentarios<\/mark> y resultados<\/h1>\n<\/div>\n\n\n\n<div class=\"wp-block-group section-hero__excerpt has-25-px-font-size has-global-padding is-layout-constrained wp-block-group-is-layout-constrained\">\n<p>Comentarios y resultados: Somos una pr\u00e1ctica de palabra en boca, que significa que la mayor\u00eda de nuestras referencias vienen de clientes que personalmente han experienciado nuestro compromiso, atenci\u00f3n y resultados en acci\u00f3n.<\/p>\n<\/div>\n\n\n\n<div class=\"wp-block-buttons section-hero__buttons is-layout-flex wp-block-buttons-is-layout-flex\" style=\"margin-top:var(--wp--preset--spacing--32)\">\n<div class=\"wp-block-button\"><a class=\"wp-block-button__link has-background-color has-text-color has-link-color wp-element-button\" href=\"https:\/\/www.adlergiersch.com\/es\/solicite-una-consulta\/\">Solicite una Consulta<\/a><\/div>\n<\/div>\n<\/div>\n<\/div>\n<\/div><\/div>\n\n\n\n<div class=\"wp-block-group has-18-px-font-size has-global-padding is-layout-constrained wp-container-core-group-is-layout-3366019d wp-block-group-is-layout-constrained\" style=\"margin-top:var(--wp--preset--spacing--75);margin-bottom:var(--wp--preset--spacing--160)\">\n<div class=\"wp-block-columns is-layout-flex wp-container-core-columns-is-layout-b987c810 wp-block-columns-is-layout-flex\">\n<div class=\"wp-block-column is-layout-flow wp-block-column-is-layout-flow\">\n<h2 class=\"wp-block-heading\">Lea comentarios e historias de clientes<\/h2>\n\n\n\n<p>Tome una vista a los comentarios y resultados de nuestros clientes, directamente de Yelp, Avvo, Google y m\u00e1s. Los comentarios y resultados de clientes son la informaci\u00f3n m\u00e1s honesta y directa que podemos proporcionar sobre nuestros servicios.<\/p>\n\n\n\n<p>Vea clientes compartir sus historias de primera mano en cortos clips de v\u00eddeo. Descubre por qu\u00e9 nuestros clientes nos refieren<\/p>\n\n\n\n<div class=\"wp-block-buttons is-layout-flex wp-block-buttons-is-layout-flex\">\n<div class=\"wp-block-button\"><a class=\"wp-block-button__link wp-element-button\" href=\"https:\/\/www.adlergiersch.com\/es\/comentarios-y-resultados\/comentarios-e-historias-de-clientes\/\">Descubre por qu\u00e9 nuestros clientes nos refieren<\/a><\/div>\n<\/div>\n<\/div>\n\n\n\n<div class=\"wp-block-column is-layout-flow wp-block-column-is-layout-flow\">\n<h2 class=\"wp-block-heading\">Estudios de casos\u00a0y resultados<\/h2>\n\n\n\n<p>Cada caso es \u00fanico, pero tal vez le dar\u00e1 tranquilidad saber m\u00e1s sobre los tipos de casos en que trabajamos y los resultados que conseguimos para nuestros clientes.<\/p>\n\n\n\n<div class=\"wp-block-buttons is-layout-flex wp-block-buttons-is-layout-flex\">\n<div class=\"wp-block-button\"><a class=\"wp-block-button__link wp-element-button\" href=\"https:\/\/www.adlergiersch.com\/es\/comentarios-y-resultados\/casos-de-exito\/\">Ve nuestros resultados de casos<\/a><\/div>\n<\/div>\n<\/div>\n<\/div>\n\n\n\n<hr class=\"wp-block-separator has-alpha-channel-opacity\"\/>\n\n\n\n<div class=\"wp-block-group has-global-padding is-layout-constrained wp-container-core-group-is-layout-52d5767e wp-block-group-is-layout-constrained\">\n<h2 class=\"wp-block-heading has-text-align-center\">Premios y reconocimiento<\/h2>\n\n\n\n<p class=\"has-text-align-center\">Hemos sido reconocidos localmente y a nivel nacional por nuestro compromiso a nuestros clientes y los asuntos que les importan a ellos.<\/p>\n\n\n\n<div class=\"wp-block-buttons is-content-justification-center is-layout-flex wp-container-core-buttons-is-layout-a89b3969 wp-block-buttons-is-layout-flex\">\n<div class=\"wp-block-button\"><a class=\"wp-block-button__link wp-element-button\" href=\"https:\/\/www.adlergiersch.com\/es\/comentarios-y-resultados\/premios-y-reconocimiento\/\">M\u00e1s informaci\u00f3n sobre el trabajo que estamos haciendo.<\/a><\/div>\n<\/div>\n<\/div>\n<\/div>\n","protected":false},"excerpt":{"rendered":"<p>Lea comentarios e historias de clientes Tome una vista a los comentarios y resultados de nuestros clientes, directamente de Yelp, Avvo, Google y m\u00e1s. Los comentarios y resultados de clientes son la informaci\u00f3n m\u00e1s honesta y directa que podemos proporcionar sobre nuestros servicios. Vea clientes compartir sus historias de primera mano en cortos clips de [&hellip;]<\/p>\n","protected":false},"author":1,"featured_media":5287,"parent":0,"menu_order":0,"comment_status":"closed","ping_status":"closed","template":"","meta":{"_acf_changed":false,"inline_featured_image":false,"footnotes":""},"class_list":["post-31","page","type-page","status-publish","has-post-thumbnail","hentry"],"acf":[],"_links":{"self":[{"href":"https:\/\/www.adlergiersch.com\/es\/wp-json\/wp\/v2\/pages\/31","targetHints":{"allow":["GET"]}}],"collection":[{"href":"https:\/\/www.adlergiersch.com\/es\/wp-json\/wp\/v2\/pages"}],"about":[{"href":"https:\/\/www.adlergiersch.com\/es\/wp-json\/wp\/v2\/types\/page"}],"author":[{"embeddable":true,"href":"https:\/\/www.adlergiersch.com\/es\/wp-json\/wp\/v2\/users\/1"}],"replies":[{"embeddable":true,"href":"https:\/\/www.adlergiersch.com\/es\/wp-json\/wp\/v2\/comments?post=31"}],"version-history":[{"count":0,"href":"https:\/\/www.adlergiersch.com\/es\/wp-json\/wp\/v2\/pages\/31\/revisions"}],"wp:featuredmedia":[{"embeddable":true,"href":"https:\/\/www.adlergiersch.com\/es\/wp-json\/wp\/v2\/media\/5287"}],"wp:attachment":[{"href":"https:\/\/www.adlergiersch.com\/es\/wp-json\/wp\/v2\/media?parent=31"}],"curies":[{"name":"wp","href":"https:\/\/api.w.org\/{rel}","templated":true}]}}