{"id":28,"date":"2018-02-26T19:38:11","date_gmt":"2018-02-26T19:38:11","guid":{"rendered":"https:\/\/www.adlergiersch.com\/es\/?page_id=28"},"modified":"2024-01-18T15:44:47","modified_gmt":"2024-01-18T15:44:47","slug":"nuestros-abogados","status":"publish","type":"page","link":"https:\/\/www.adlergiersch.com\/es\/nuestros-abogados\/","title":{"rendered":"Conozca a nuestros abogados"},"content":{"rendered":"\n<div class=\"wp-block-cover alignfull is-light section-hero has-scroll has-white-color has-text-color has-link-color wp-elements-b236fbcef6b35403a54d79f045fec084\" style=\"padding-top:var(--wp--preset--spacing--120);padding-bottom:var(--wp--preset--spacing--120)\"><span aria-hidden=\"true\" class=\"wp-block-cover__background has-background-dim-0 has-background-dim\"><\/span><img decoding=\"async\" class=\"wp-block-cover__image-background wp-image-9057\" alt=\"\" src=\"https:\/\/www.adlergiersch.com\/wp-content\/uploads\/2023\/11\/attorneys-cover.jpg\" style=\"object-position:50% 0%\" data-object-fit=\"cover\" data-object-position=\"50% 0%\"\/><div class=\"wp-block-cover__inner-container is-layout-flow wp-block-cover-is-layout-flow\">\n<div class=\"wp-block-group has-global-padding is-layout-constrained wp-block-group-is-layout-constrained\">\n<div class=\"wp-block-group has-global-padding is-content-justification-left is-layout-constrained wp-container-core-group-is-layout-8589d364 wp-block-group-is-layout-constrained\">\n<p class=\"section-hero__parent has-25-px-font-size\" style=\"margin-bottom:var(--wp--preset--spacing--20)\">El equipo<\/p>\n\n\n\n<div class=\"wp-block-group has-global-padding is-content-justification-left is-layout-constrained wp-container-core-group-is-layout-a00c9c03 wp-block-group-is-layout-constrained\">\n<h1 class=\"wp-block-heading section-hero__title\">Conozca a nuestros abogados<\/h1>\n<\/div>\n\n\n\n<div class=\"wp-block-group section-hero__excerpt has-25-px-font-size has-global-padding is-layout-constrained wp-block-group-is-layout-constrained\">\n<p>Un equipo dedicado de profesionales legales que est\u00e1n comprometidos a brindarle el m\u00e1s alto nivel de experiencia y servicio legal. Para que puedas concentrarte en mejorar.<\/p>\n<\/div>\n\n\n\n<div class=\"wp-block-buttons section-hero__buttons is-layout-flex wp-block-buttons-is-layout-flex\" style=\"margin-top:var(--wp--preset--spacing--32)\">\n<div class=\"wp-block-button\"><a class=\"wp-block-button__link wp-element-button\" href=\"https:\/\/www.adlergiersch.com\/es\/solicite-una-consulta\/\">Solicite una Consulta<\/a><\/div>\n<\/div>\n<\/div>\n<\/div>\n<\/div><\/div>\n\n\n\n<div class=\"wp-block-group has-global-padding is-layout-constrained wp-block-group-is-layout-constrained\" style=\"margin-top:0;margin-bottom:0;padding-top:var(--wp--preset--spacing--160);padding-bottom:var(--wp--preset--spacing--160)\">\n<div class=\"wp-block-group has-global-padding is-layout-constrained wp-container-core-group-is-layout-11da5858 wp-block-group-is-layout-constrained\">\n<p class=\"has-text-align-center has-light-gray-color has-text-color has-22-px-font-size\" style=\"margin-top:0;margin-bottom:0\"><strong>Nuestro objetivo principal<\/strong><\/p>\n\n\n\n<h2 class=\"wp-block-heading has-text-align-center\" style=\"margin-top:var(--wp--preset--spacing--32);margin-bottom:var(--wp--preset--spacing--20)\">Descubra las caras detr\u00e1s de nuestra firma de abogados<\/h2>\n\n\n\n<p class=\"has-text-align-center has-20-px-font-size\" style=\"margin-top:var(--wp--preset--spacing--20)\">Seremos los primeros en decirle que no todos necesitan a un abogado, pero siempre es una buena idea hablar con abogado para asegurase que entiende sus derechos.<\/p>\n<\/div>\n\n\n\n<div class=\"wp-block-columns is-layout-flex wp-container-core-columns-is-layout-3e6148d9 wp-block-columns-is-layout-flex\" style=\"margin-top:var(--wp--preset--spacing--100)\">\n<div class=\"wp-block-column is-vertically-aligned-center has-20-px-font-size is-layout-flow wp-container-core-column-is-layout-5057f9d4 wp-block-column-is-layout-flow\" style=\"line-height:1.2\">\n<div class=\"wp-block-group has-global-padding is-layout-constrained wp-block-group-is-layout-constrained\">\n<h3 class=\"wp-block-heading has-22-px-font-size\">Nos centramos en usted, para que&nbsp;se&nbsp;pueda concentrar en mejorarse<\/h3>\n\n\n\n<p style=\"line-height:1.2\">Los abogados m\u00e1s h\u00e1biles y experienciados toman el tiempo para investigar los detalles de su caso y para revisar cuidadosamente el historial m\u00e9dico.&nbsp;Sobre todo, deben poner primero su salud y bienestar \u2013 esto significa d\u00e1ndole tiempo para que usted y sus proveedores m\u00e9dicos comprendan toda la extensi\u00f3n de sus lesiones, recuperaci\u00f3n y el impacto en su vida.<\/p>\n<\/div>\n\n\n\n<div class=\"wp-block-group has-global-padding is-layout-constrained wp-block-group-is-layout-constrained\">\n<h3 class=\"wp-block-heading has-22-px-font-size\">\u00bfC\u00f3mo se ve el&nbsp;\u00e9xito?<\/h3>\n\n\n\n<p style=\"line-height:1.2\">Para empezar, no es la promesa de una ganancia durante la primera llamada de tel\u00e9fono. Tambi\u00e9n generalmente no vienen de alguien que lo presione a contratarlos, con llamadas telef\u00f3nicas sin invitaci\u00f3n, operando una empresa de gran volumen, o anuncios de televisi\u00f3n.<\/p>\n<\/div>\n<\/div>\n\n\n\n<div class=\"wp-block-column is-vertically-aligned-center is-layout-flow wp-block-column-is-layout-flow\">\n<figure class=\"wp-block-image size-full\"><img loading=\"lazy\" decoding=\"async\" width=\"2560\" height=\"1703\" src=\"https:\/\/www.adlergiersch.com\/es\/wp-content\/uploads\/sites\/3\/2024\/01\/Adler_Giersch_Attorneys-scaled.jpg\" alt=\"\" class=\"wp-image-5282\" srcset=\"https:\/\/www.adlergiersch.com\/es\/wp-content\/uploads\/sites\/3\/2024\/01\/Adler_Giersch_Attorneys-scaled.jpg 2560w, https:\/\/www.adlergiersch.com\/es\/wp-content\/uploads\/sites\/3\/2024\/01\/Adler_Giersch_Attorneys-300x200.jpg 300w, https:\/\/www.adlergiersch.com\/es\/wp-content\/uploads\/sites\/3\/2024\/01\/Adler_Giersch_Attorneys-1024x681.jpg 1024w, https:\/\/www.adlergiersch.com\/es\/wp-content\/uploads\/sites\/3\/2024\/01\/Adler_Giersch_Attorneys-768x511.jpg 768w, https:\/\/www.adlergiersch.com\/es\/wp-content\/uploads\/sites\/3\/2024\/01\/Adler_Giersch_Attorneys-1536x1022.jpg 1536w, https:\/\/www.adlergiersch.com\/es\/wp-content\/uploads\/sites\/3\/2024\/01\/Adler_Giersch_Attorneys-2048x1363.jpg 2048w\" sizes=\"auto, (max-width: 2560px) 100vw, 2560px\" \/><\/figure>\n<\/div>\n<\/div>\n<\/div>\n\n\n\n<div class=\"wp-block-group alignfull is-layout-flow wp-block-group-is-layout-flow\" style=\"margin-bottom:var(--wp--preset--spacing--160)\">\n<div class=\"wp-block-group has-global-padding is-layout-constrained wp-block-group-is-layout-constrained\">\n<div class=\"wp-block-group has-global-padding is-content-justification-left is-layout-constrained wp-container-core-group-is-layout-22b8f9d0 wp-block-group-is-layout-constrained\">\n<p class=\"has-text-align-left has-light-gray-color has-text-color has-22-px-font-size\" style=\"margin-top:0;margin-bottom:0\"><strong>Su equipo legal<\/strong><\/p>\n\n\n\n<h2 class=\"wp-block-heading has-text-align-left\" style=\"margin-top:var(--wp--preset--spacing--32);margin-bottom:var(--wp--preset--spacing--20)\">Conozca&nbsp;a nuestros abogados<\/h2>\n\n\n\n<p class=\"has-text-align-left has-20-px-font-size\" style=\"margin-top:var(--wp--preset--spacing--20)\">Puede esperar no s\u00f3lo destreza legal sino tambi\u00e9n compasi\u00f3n, integridad y un compromiso firme para lograr los mejores resultados posibles para usted.<\/p>\n<\/div>\n\n\n\n<div class=\"wp-block-group has-global-padding is-layout-constrained wp-block-group-is-layout-constrained\" style=\"margin-top:var(--wp--preset--spacing--48)\">\n<div class=\"wp-block-query is-layout-flow wp-block-query-is-layout-flow\"><ul class=\"columns-3 justify-items-center wp-block-post-template is-layout-grid wp-container-core-post-template-is-layout-3ad7c3b9 wp-block-post-template-is-layout-grid\"><li class=\"wp-block-post post-96 attorney type-attorney status-publish has-post-thumbnail hentry\">\n\n<div class=\"justify-items-center wp-block-post-template\">\n\t<div class=\"wp-block-adler-team__media\">\n\t\t<a href=\"https:\/\/www.adlergiersch.com\/es\/attorney\/arthur-d-leritz\/\">\n\t\t\t<img loading=\"lazy\" decoding=\"async\" width=\"960\" height=\"600\" src=\"https:\/\/www.adlergiersch.com\/es\/wp-content\/uploads\/sites\/3\/2018\/02\/314c5297f0c8ba3f2ecd35fdafcf78b1.png\" class=\"attachment-full size-full wp-post-image\" alt=\"\" srcset=\"https:\/\/www.adlergiersch.com\/es\/wp-content\/uploads\/sites\/3\/2018\/02\/314c5297f0c8ba3f2ecd35fdafcf78b1.png 960w, https:\/\/www.adlergiersch.com\/es\/wp-content\/uploads\/sites\/3\/2018\/02\/314c5297f0c8ba3f2ecd35fdafcf78b1-300x188.png 300w, https:\/\/www.adlergiersch.com\/es\/wp-content\/uploads\/sites\/3\/2018\/02\/314c5297f0c8ba3f2ecd35fdafcf78b1-768x480.png 768w\" sizes=\"auto, (max-width: 960px) 100vw, 960px\" \/>\t\t<\/a>\n\t\t\t<\/div>\n\t<div class=\"wp-block-adler-team__info\">\n\t\t<h3>\n\t\t\t<a href=\"https:\/\/www.adlergiersch.com\/es\/attorney\/arthur-d-leritz\/\">\n\t\t\t\tArthur D. Leritz\t\t\t<\/a>\n\t\t<\/h3>\n\t\t<p>Abogado<\/p>\n\n\t\t\n\t\t<div class=\"wp-block-adler-team__content\">\n\t\t\t<p>Como socio de Adler Giersch, me especializo en litigios, lo que significa que trabajo con casos graves y sustanciales en los que la compa\u00f1\u00eda de seguros o la parte culpable se niega a llegar a un acuerdo. Estos casos requieren una preparaci\u00f3n profunda y extremadamente detallada, as\u00ed como la resoluci\u00f3n creativa de problemas y la resistencia para llevar el caso hasta el juicio.<\/p>\n\t\t<\/div>\n\n\t\t\t<\/div>\n<\/div>\n\n<\/li><li class=\"wp-block-post post-100 attorney type-attorney status-publish has-post-thumbnail hentry\">\n\n<div class=\"justify-items-center wp-block-post-template\">\n\t<div class=\"wp-block-adler-team__media\">\n\t\t<a href=\"https:\/\/www.adlergiersch.com\/es\/attorney\/melissa-d-carter\/\">\n\t\t\t<img loading=\"lazy\" decoding=\"async\" width=\"960\" height=\"600\" src=\"https:\/\/www.adlergiersch.com\/es\/wp-content\/uploads\/sites\/3\/2018\/02\/5bbc64f07303e9c15f13cf7743720c7e.png\" class=\"attachment-full size-full wp-post-image\" alt=\"\" srcset=\"https:\/\/www.adlergiersch.com\/es\/wp-content\/uploads\/sites\/3\/2018\/02\/5bbc64f07303e9c15f13cf7743720c7e.png 960w, https:\/\/www.adlergiersch.com\/es\/wp-content\/uploads\/sites\/3\/2018\/02\/5bbc64f07303e9c15f13cf7743720c7e-300x188.png 300w, https:\/\/www.adlergiersch.com\/es\/wp-content\/uploads\/sites\/3\/2018\/02\/5bbc64f07303e9c15f13cf7743720c7e-768x480.png 768w\" sizes=\"auto, (max-width: 960px) 100vw, 960px\" \/>\t\t<\/a>\n\t\t\t<\/div>\n\t<div class=\"wp-block-adler-team__info\">\n\t\t<h3>\n\t\t\t<a href=\"https:\/\/www.adlergiersch.com\/es\/attorney\/melissa-d-carter\/\">\n\t\t\t\tMelissa D. Carter\t\t\t<\/a>\n\t\t<\/h3>\n\t\t<p>Abogada<\/p>\n\n\t\t\n\t\t<div class=\"wp-block-adler-team__content\">\n\t\t\t<p>Buscando inspiraci\u00f3n y significado en mi trabajo, mir\u00e9 a mi h\u00e9roe Ani DiFranco, quien sabiamente dijo: \u00abCuando te sientes en medio de ti, querr\u00e1s tener una silla c\u00f3moda\u00bb. Luego tom\u00e9 toda esa experiencia y conocimiento de c\u00f3mo funcionan las compa\u00f1\u00edas de seguros y cambi\u00e9 de bando. Casi al instante supe que estaba en casa.<\/p>\n\t\t<\/div>\n\n\t\t\t<\/div>\n<\/div>\n\n<\/li><li class=\"wp-block-post post-101 attorney type-attorney status-publish has-post-thumbnail hentry\">\n\n<div class=\"justify-items-center wp-block-post-template\">\n\t<div class=\"wp-block-adler-team__media\">\n\t\t<a href=\"https:\/\/www.adlergiersch.com\/es\/attorney\/richard-h-adler\/\">\n\t\t\t<img loading=\"lazy\" decoding=\"async\" width=\"514\" height=\"619\" src=\"https:\/\/www.adlergiersch.com\/es\/wp-content\/uploads\/sites\/3\/2018\/02\/richard-adler.png\" class=\"attachment-full size-full wp-post-image\" alt=\"\" srcset=\"https:\/\/www.adlergiersch.com\/es\/wp-content\/uploads\/sites\/3\/2018\/02\/richard-adler.png 514w, https:\/\/www.adlergiersch.com\/es\/wp-content\/uploads\/sites\/3\/2018\/02\/richard-adler-249x300.png 249w\" sizes=\"auto, (max-width: 514px) 100vw, 514px\" \/>\t\t<\/a>\n\t\t\t<\/div>\n\t<div class=\"wp-block-adler-team__info\">\n\t\t<h3>\n\t\t\t<a href=\"https:\/\/www.adlergiersch.com\/es\/attorney\/richard-h-adler\/\">\n\t\t\t\tRichard H. Adler\t\t\t<\/a>\n\t\t<\/h3>\n\t\t<p>Director fundador y socio<\/p>\n\n\t\t\n\t\t<div class=\"wp-block-adler-team__content\">\n\t\t\t<p>A menudo se dice que si haces lo que amas, el \u00e9xito llegar\u00e1. Como director fundador y socio de Adler Giersch, he estado haciendo lo que amo durante m\u00e1s de 30 a\u00f1os de pr\u00e1ctica, desde que me gradu\u00e9 en Derecho en Georgetown. La ley de lesiones es una segunda naturaleza para m\u00ed.<\/p>\n\t\t<\/div>\n\n\t\t\t<\/div>\n<\/div>\n\n<\/li><li class=\"wp-block-post post-102 attorney type-attorney status-publish has-post-thumbnail hentry\">\n\n<div class=\"justify-items-center wp-block-post-template\">\n\t<div class=\"wp-block-adler-team__media\">\n\t\t<a href=\"https:\/\/www.adlergiersch.com\/es\/attorney\/steven-j-angles\/\">\n\t\t\t<img loading=\"lazy\" decoding=\"async\" width=\"724\" height=\"600\" src=\"https:\/\/www.adlergiersch.com\/es\/wp-content\/uploads\/sites\/3\/2018\/02\/2ac14ed6a91a469f6438f9a7ebd4f1a3-e1701030678806.png\" class=\"attachment-full size-full wp-post-image\" alt=\"\" srcset=\"https:\/\/www.adlergiersch.com\/es\/wp-content\/uploads\/sites\/3\/2018\/02\/2ac14ed6a91a469f6438f9a7ebd4f1a3-e1701030678806.png 724w, https:\/\/www.adlergiersch.com\/es\/wp-content\/uploads\/sites\/3\/2018\/02\/2ac14ed6a91a469f6438f9a7ebd4f1a3-e1701030678806-300x249.png 300w\" sizes=\"auto, (max-width: 724px) 100vw, 724px\" \/>\t\t<\/a>\n\t\t\t<\/div>\n\t<div class=\"wp-block-adler-team__info\">\n\t\t<h3>\n\t\t\t<a href=\"https:\/\/www.adlergiersch.com\/es\/attorney\/steven-j-angles\/\">\n\t\t\t\tSteven J. Angl\u00e9s\t\t\t<\/a>\n\t\t<\/h3>\n\t\t<p>Abogado<\/p>\n\n\t\t\n\t\t<div class=\"wp-block-adler-team__content\">\n\t\t\t<p>Despu\u00e9s de 20 a\u00f1os de pr\u00e1ctica, es un honor para m\u00ed ser socio de AG y trabajar con un equipo que comparte los mismos valores: honrar y apoyar a nuestros clientes y la b\u00fasqueda incansable de grandes resultados. Trabajo en todo el noroeste del Pac\u00edfico, en Seattle y Bellevue, y administro una oficina dedicada en Kent para servir a la comunidad de South Sound.<\/p>\n\t\t<\/div>\n\n\t\t\t<\/div>\n<\/div>\n\n<\/li><li class=\"wp-block-post post-5213 attorney type-attorney status-publish has-post-thumbnail hentry\">\n\n<div class=\"justify-items-center wp-block-post-template\">\n\t<div class=\"wp-block-adler-team__media\">\n\t\t<a href=\"https:\/\/www.adlergiersch.com\/es\/attorney\/elisabeth-k-ruff\/\">\n\t\t\t<img loading=\"lazy\" decoding=\"async\" width=\"850\" height=\"1277\" src=\"https:\/\/www.adlergiersch.com\/es\/wp-content\/uploads\/sites\/3\/2023\/12\/elisabeth-ruff.jpg\" class=\"attachment-full size-full wp-post-image\" alt=\"\" srcset=\"https:\/\/www.adlergiersch.com\/es\/wp-content\/uploads\/sites\/3\/2023\/12\/elisabeth-ruff.jpg 850w, https:\/\/www.adlergiersch.com\/es\/wp-content\/uploads\/sites\/3\/2023\/12\/elisabeth-ruff-200x300.jpg 200w, https:\/\/www.adlergiersch.com\/es\/wp-content\/uploads\/sites\/3\/2023\/12\/elisabeth-ruff-682x1024.jpg 682w, https:\/\/www.adlergiersch.com\/es\/wp-content\/uploads\/sites\/3\/2023\/12\/elisabeth-ruff-768x1154.jpg 768w\" sizes=\"auto, (max-width: 850px) 100vw, 850px\" \/>\t\t<\/a>\n\t\t\t<\/div>\n\t<div class=\"wp-block-adler-team__info\">\n\t\t<h3>\n\t\t\t<a href=\"https:\/\/www.adlergiersch.com\/es\/attorney\/elisabeth-k-ruff\/\">\n\t\t\t\tElisabeth K. Ruff\t\t\t<\/a>\n\t\t<\/h3>\n\t\t<p>Abogada<\/p>\n\n\t\t\n\t\t<div class=\"wp-block-adler-team__content\">\n\t\t\t<p>Abordo cada caso con compasi\u00f3n y comprendiendo que este proceso puede ser estresante y, en ocasiones, abrumador. Me concentro en tratar con las compa\u00f1\u00edas de seguros para que mis clientes puedan concentrarse en sanar y reconstruir sus vidas. Mi objetivo es garantizar que cada cliente reciba el m\u00e1s alto nivel de servicio y se mantenga informado sobre su caso de principio a fin.<\/p>\n\t\t<\/div>\n\n\t\t\t<\/div>\n<\/div>\n\n<\/li><\/ul>\n\n<\/div>\n<\/div>\n<\/div>\n<\/div>\n\n\n\n<div class=\"wp-block-group alignfull has-gradient-1-gradient-background has-background is-layout-flow wp-block-group-is-layout-flow\" style=\"margin-top:0;margin-bottom:0;padding-top:var(--wp--preset--spacing--100);padding-bottom:var(--wp--preset--spacing--100)\">\n<div class=\"wp-block-group has-global-padding is-layout-constrained wp-container-core-group-is-layout-8b1489b5 wp-block-group-is-layout-constrained\">\n<p class=\"has-text-align-center has-light-gray-color has-text-color has-22-px-font-size\" style=\"margin-top:0;margin-bottom:0\"><strong>Asociarse con nosotros<\/strong><\/p>\n\n\n\n<h2 class=\"wp-block-heading has-text-align-center\" style=\"margin-top:var(--wp--preset--spacing--32);margin-bottom:var(--wp--preset--spacing--20)\">Tomamos un enfoque colaborativo<\/h2>\n\n\n\n<p class=\"has-20-px-font-size\">Su relaci\u00f3n con su abogado se basa en la confianza y el respeto, y debe sentirse c\u00f3modo y natural para usted. Su abogado debe trabajar con usted directamente para lograr sus metas. El abogado correcto colaborar\u00e1 con usted en definir resultados exitosos y la construcci\u00f3n de su caso. Somos accesibles y nos comunicaremos con usted regularmente (no s\u00f3lo a trav\u00e9s de los miembros del personal). Seremos honestos si su caso tiene desaf\u00edos y elaboremos con usted para averiguar c\u00f3mo superar obst\u00e1culos y desarrollar una justa demanda que considera m\u00e1s que sus da\u00f1os monetarios.<\/p>\n\n\n\n<p class=\"has-20-px-font-size\">Nuestro equipo de abogados comparte estos valores, aunque cada uno aporta su propio estilo y perspectiva para luchar por sus clientes. Tambi\u00e9n contamos con abogados biling\u00fces y personal.<\/p>\n<\/div>\n<\/div>\n","protected":false},"excerpt":{"rendered":"<p>Nuestro objetivo principal Descubra las caras detr\u00e1s de nuestra firma de abogados Seremos los primeros en decirle que no todos necesitan a un abogado, pero siempre es una buena idea hablar con abogado para asegurase que entiende sus derechos. Nos centramos en usted, para que&nbsp;se&nbsp;pueda concentrar en mejorarse Los abogados m\u00e1s h\u00e1biles y experienciados toman [&hellip;]<\/p>\n","protected":false},"author":1,"featured_media":5287,"parent":0,"menu_order":0,"comment_status":"closed","ping_status":"closed","template":"","meta":{"_acf_changed":false,"inline_featured_image":false,"footnotes":""},"class_list":["post-28","page","type-page","status-publish","has-post-thumbnail","hentry"],"acf":[],"_links":{"self":[{"href":"https:\/\/www.adlergiersch.com\/es\/wp-json\/wp\/v2\/pages\/28","targetHints":{"allow":["GET"]}}],"collection":[{"href":"https:\/\/www.adlergiersch.com\/es\/wp-json\/wp\/v2\/pages"}],"about":[{"href":"https:\/\/www.adlergiersch.com\/es\/wp-json\/wp\/v2\/types\/page"}],"author":[{"embeddable":true,"href":"https:\/\/www.adlergiersch.com\/es\/wp-json\/wp\/v2\/users\/1"}],"replies":[{"embeddable":true,"href":"https:\/\/www.adlergiersch.com\/es\/wp-json\/wp\/v2\/comments?post=28"}],"version-history":[{"count":0,"href":"https:\/\/www.adlergiersch.com\/es\/wp-json\/wp\/v2\/pages\/28\/revisions"}],"wp:featuredmedia":[{"embeddable":true,"href":"https:\/\/www.adlergiersch.com\/es\/wp-json\/wp\/v2\/media\/5287"}],"wp:attachment":[{"href":"https:\/\/www.adlergiersch.com\/es\/wp-json\/wp\/v2\/media?parent=28"}],"curies":[{"name":"wp","href":"https:\/\/api.w.org\/{rel}","templated":true}]}}