{"id":25,"date":"2018-02-26T19:36:40","date_gmt":"2018-02-26T19:36:40","guid":{"rendered":"https:\/\/www.adlergiersch.com\/es\/?page_id=25"},"modified":"2024-01-09T13:00:46","modified_gmt":"2024-01-09T13:00:46","slug":"trabaje-con-nosotros","status":"publish","type":"page","link":"https:\/\/www.adlergiersch.com\/es\/como-trabajamos\/trabaje-con-nosotros\/","title":{"rendered":"Trabaje con nosotros"},"content":{"rendered":"\n<div class=\"wp-block-cover alignfull is-light section-hero has-scroll has-slate-color has-text-color has-link-color wp-elements-c40bfeb7932d594d4528528c49cef4bc\" style=\"padding-top:var(--wp--preset--spacing--120);padding-bottom:var(--wp--preset--spacing--120)\"><span aria-hidden=\"true\" class=\"wp-block-cover__background has-background-dim-0 has-background-dim\"><\/span><img loading=\"lazy\" decoding=\"async\" width=\"1920\" height=\"1220\" class=\"wp-block-cover__image-background wp-image-5232\" alt=\"\" src=\"https:\/\/www.adlergiersch.com\/es\/wp-content\/uploads\/sites\/3\/2024\/01\/placeholder.svg\" data-object-fit=\"cover\"\/><div class=\"wp-block-cover__inner-container is-layout-flow wp-block-cover-is-layout-flow\">\n<div class=\"wp-block-group has-global-padding is-layout-constrained wp-block-group-is-layout-constrained\">\n<div class=\"wp-block-group has-global-padding is-content-justification-left is-layout-constrained wp-container-core-group-is-layout-8589d364 wp-block-group-is-layout-constrained\">\n<p class=\"section-hero__parent has-25-px-font-size\" style=\"margin-bottom:var(--wp--preset--spacing--20)\">Carreras<\/p>\n\n\n\n<div class=\"wp-block-group has-global-padding is-content-justification-left is-layout-constrained wp-container-core-group-is-layout-a00c9c03 wp-block-group-is-layout-constrained\">\n<h1 class=\"wp-block-heading section-hero__title\"><mark style=\"background-color:rgba(0, 0, 0, 0)\" class=\"has-inline-color has-rust-color\">Trabaje<\/mark> con nosotros<\/h1>\n<\/div>\n\n\n\n<div class=\"wp-block-group section-hero__excerpt has-25-px-font-size has-global-padding is-layout-constrained wp-block-group-is-layout-constrained\">\n<p>Trabaje con nosotros: Empleados felices resultan en clientes felices. En nuestras oficinas, tratamos los unos a los otros la forma en que tratamos a nuestros clientes: con respeto, compasi\u00f3n y dedicaci\u00f3n. Durante los \u00faltimos cinco a\u00f1os, hemos sido votados como uno de los 100 mejores lugares para trabajar en Washington.<\/p>\n<\/div>\n<\/div>\n<\/div>\n<\/div><\/div>\n\n\n\n<div class=\"wp-block-group has-18-px-font-size has-global-padding is-layout-constrained wp-block-group-is-layout-constrained\" style=\"margin-top:var(--wp--preset--spacing--75);margin-bottom:var(--wp--preset--spacing--160)\">\n<div class=\"wp-block-columns is-layout-flex wp-container-core-columns-is-layout-6bf11f55 wp-block-columns-is-layout-flex\" style=\"margin-bottom:var(--wp--preset--spacing--100)\">\n<div class=\"wp-block-column is-layout-flow wp-block-column-is-layout-flow\">\n<h2 class=\"wp-block-heading\">Unese a nuestro equipo<\/h2>\n\n\n\n<p>Vemos a nuestro equipo como nuestro recurso m\u00e1s valioso y una extensi\u00f3n de nuestras familias. Cada uno de nuestros empleados disfruta de robustos beneficios de salud y 401k, tutor\u00eda y entrenamiento, oportunidades de promoci\u00f3n, apoyo y recursos para las causas que los apasiona, un ambiente de trabajo positivo, retiros anuales y muchas otras ventajas.<\/p>\n<\/div>\n\n\n\n<div class=\"wp-block-column is-layout-flow wp-block-column-is-layout-flow\">\n<h2 class=\"wp-block-heading\">\u00bfQu\u00e9\u00a0se necesita para\u00a0trabajar aqu\u00ed?<\/h2>\n\n\n\n<p>Nuestro equipo diverso comparte una energ\u00eda para ir m\u00e1s all\u00e1 para nuestros clientes. Somos un ambiente de trabajo colaborativo sin pretensi\u00f3n o jerarqu\u00eda, donde buenas ideas siempre son bienvenidas. Una actitud positiva, compasi\u00f3n, defensa feroz y atenci\u00f3n al detalle est\u00e1n en todas las descripciones de trabajo, independientemente de la posici\u00f3n.<\/p>\n<\/div>\n<\/div>\n\n\n\n<h3 class=\"wp-block-heading has-text-align-center\">Trabaje con nosotros<\/h3>\n\n\n\n<div class=\"wp-block-buttons is-content-justification-center is-layout-flex wp-container-core-buttons-is-layout-a89b3969 wp-block-buttons-is-layout-flex\">\n<div class=\"wp-block-button\"><a class=\"wp-block-button__link wp-element-button\" href=\"mailto:info@adlergiersch.com\">Envie su curr\u00edculum<\/a><\/div>\n<\/div>\n<\/div>\n","protected":false},"excerpt":{"rendered":"<p>Unese a nuestro equipo Vemos a nuestro equipo como nuestro recurso m\u00e1s valioso y una extensi\u00f3n de nuestras familias. Cada uno de nuestros empleados disfruta de robustos beneficios de salud y 401k, tutor\u00eda y entrenamiento, oportunidades de promoci\u00f3n, apoyo y recursos para las causas que los apasiona, un ambiente de trabajo positivo, retiros anuales y [&hellip;]<\/p>\n","protected":false},"author":1,"featured_media":5287,"parent":14,"menu_order":0,"comment_status":"closed","ping_status":"closed","template":"","meta":{"_acf_changed":false,"inline_featured_image":false,"footnotes":""},"class_list":["post-25","page","type-page","status-publish","has-post-thumbnail","hentry"],"acf":[],"_links":{"self":[{"href":"https:\/\/www.adlergiersch.com\/es\/wp-json\/wp\/v2\/pages\/25","targetHints":{"allow":["GET"]}}],"collection":[{"href":"https:\/\/www.adlergiersch.com\/es\/wp-json\/wp\/v2\/pages"}],"about":[{"href":"https:\/\/www.adlergiersch.com\/es\/wp-json\/wp\/v2\/types\/page"}],"author":[{"embeddable":true,"href":"https:\/\/www.adlergiersch.com\/es\/wp-json\/wp\/v2\/users\/1"}],"replies":[{"embeddable":true,"href":"https:\/\/www.adlergiersch.com\/es\/wp-json\/wp\/v2\/comments?post=25"}],"version-history":[{"count":0,"href":"https:\/\/www.adlergiersch.com\/es\/wp-json\/wp\/v2\/pages\/25\/revisions"}],"up":[{"embeddable":true,"href":"https:\/\/www.adlergiersch.com\/es\/wp-json\/wp\/v2\/pages\/14"}],"wp:featuredmedia":[{"embeddable":true,"href":"https:\/\/www.adlergiersch.com\/es\/wp-json\/wp\/v2\/media\/5287"}],"wp:attachment":[{"href":"https:\/\/www.adlergiersch.com\/es\/wp-json\/wp\/v2\/media?parent=25"}],"curies":[{"name":"wp","href":"https:\/\/api.w.org\/{rel}","templated":true}]}}