{"id":19,"date":"2018-02-26T19:30:09","date_gmt":"2018-02-26T19:30:09","guid":{"rendered":"https:\/\/www.adlergiersch.com\/es\/?page_id=19"},"modified":"2024-01-09T12:55:54","modified_gmt":"2024-01-09T12:55:54","slug":"servicios-para-los-hispanohablantes","status":"publish","type":"page","link":"https:\/\/www.adlergiersch.com\/es\/como-trabajamos\/servicios-para-los-hispanohablantes\/","title":{"rendered":"Servicios Para los Hispanohablantes"},"content":{"rendered":"\n<div class=\"wp-block-cover alignfull section-hero has-scroll has-white-color has-text-color has-link-color wp-elements-665a34a92fff7931369529e202f503ec\" style=\"padding-top:var(--wp--preset--spacing--120);padding-bottom:var(--wp--preset--spacing--120)\"><span aria-hidden=\"true\" class=\"wp-block-cover__background has-background-dim-30 has-background-dim\"><\/span><img loading=\"lazy\" decoding=\"async\" width=\"1024\" height=\"320\" class=\"wp-block-cover__image-background wp-image-203\" alt=\"Padre Latino con su hija menor\" src=\"https:\/\/www.adlergiersch.com\/es\/wp-content\/uploads\/sites\/3\/2018\/02\/spanish-speaking-attorney-header-1024x320.jpg\" data-object-fit=\"cover\" srcset=\"https:\/\/www.adlergiersch.com\/es\/wp-content\/uploads\/sites\/3\/2018\/02\/spanish-speaking-attorney-header-1024x320.jpg 1024w, https:\/\/www.adlergiersch.com\/es\/wp-content\/uploads\/sites\/3\/2018\/02\/spanish-speaking-attorney-header-1024x320-300x94.jpg 300w, https:\/\/www.adlergiersch.com\/es\/wp-content\/uploads\/sites\/3\/2018\/02\/spanish-speaking-attorney-header-1024x320-768x240.jpg 768w\" sizes=\"auto, (max-width: 1024px) 100vw, 1024px\" \/><div class=\"wp-block-cover__inner-container is-layout-flow wp-block-cover-is-layout-flow\">\n<div class=\"wp-block-group has-global-padding is-layout-constrained wp-block-group-is-layout-constrained\">\n<div class=\"wp-block-group has-global-padding is-content-justification-left is-layout-constrained wp-container-core-group-is-layout-8589d364 wp-block-group-is-layout-constrained\">\n<p class=\"section-hero__parent has-25-px-font-size\" style=\"margin-bottom:var(--wp--preset--spacing--20)\"><\/p>\n\n\n\n<div class=\"wp-block-group has-global-padding is-content-justification-left is-layout-constrained wp-container-core-group-is-layout-a00c9c03 wp-block-group-is-layout-constrained\">\n<h1 class=\"wp-block-heading section-hero__title\">Servicios Para los Hispanohablantes<\/h1>\n<\/div>\n\n\n\n<div class=\"wp-block-group section-hero__excerpt has-25-px-font-size has-global-padding is-layout-constrained wp-block-group-is-layout-constrained\">\n<p><\/p>\n<\/div>\n\n\n\n<div class=\"wp-block-buttons section-hero__buttons is-layout-flex wp-block-buttons-is-layout-flex\" style=\"margin-top:var(--wp--preset--spacing--32)\">\n<div class=\"wp-block-button\"><a class=\"wp-block-button__link wp-element-button\" href=\"https:\/\/www.adlergiersch.com\/es\/solicite-una-consulta\/\">Solicite una Consulta<\/a><\/div>\n<\/div>\n<\/div>\n<\/div>\n<\/div><\/div>\n\n\n\n<div class=\"wp-block-group has-18-px-font-size has-global-padding is-layout-constrained wp-container-core-group-is-layout-e6f900f9 wp-block-group-is-layout-constrained\" style=\"margin-top:var(--wp--preset--spacing--75);margin-bottom:var(--wp--preset--spacing--75)\">\n<div class=\"wp-block-columns is-layout-flex wp-container-core-columns-is-layout-b987c810 wp-block-columns-is-layout-flex\">\n<div class=\"wp-block-column is-layout-flow wp-block-column-is-layout-flow\">\n<h2 class=\"wp-block-heading has-heading-3-font-size\">Servicios para la comunidad Latina<\/h2>\n\n\n\n<p>Nuestro equipo se dedica a proteger sus derechos legales, de seguros y de recuperaci\u00f3n, para que pueda concentrarse en la curaci\u00f3n despu\u00e9s de una&nbsp;<a href=\"https:\/\/www.adlergiersch.com\/es\/areas-de-practica\/\">lesi\u00f3n grave<\/a>.<\/p>\n<\/div>\n\n\n\n<div class=\"wp-block-column is-layout-flow wp-block-column-is-layout-flow\">\n<h2 class=\"wp-block-heading has-heading-3-font-size\">Services for the Latino \/ Latina Community<\/h2>\n\n\n\n<p>Our team is dedicated to protecting your legal, insurance, and recovery rights, so you can focus on healing after a&nbsp;<a href=\"https:\/\/www.adlergiersch.com\/areas-of-practice\/\">severe injury.<\/a><\/p>\n<\/div>\n<\/div>\n\n\n\n<div class=\"wp-block-columns is-layout-flex wp-container-core-columns-is-layout-b987c810 wp-block-columns-is-layout-flex\">\n<div class=\"wp-block-column is-layout-flow wp-block-column-is-layout-flow\">\n<h2 class=\"wp-block-heading has-heading-3-font-size\">Estamos aqu\u00ed para protegerte<\/h2>\n\n\n\n<p>Luchamos por una compensaci\u00f3n justa por sus p\u00e9rdidas, independientemente de su cultura, estado o situaci\u00f3n financiera \u2013 todo confidencialmente. Entendemos que cada cliente viene a nosotros con necesidades y circunstancias \u00fanicas. Tambi\u00e9n entendemos que ser incapaz de hablar con las compa\u00f1\u00edas de seguros en espa\u00f1ol y sin ayuda legal que pueda explicar el proceso, puede ser intimidante y frustrante.<\/p>\n<\/div>\n\n\n\n<div class=\"wp-block-column is-layout-flow wp-block-column-is-layout-flow\">\n<h2 class=\"wp-block-heading has-heading-3-font-size\">We\u2019re here to protect you<\/h2>\n\n\n\n<p>We fight for fair compensation for your losses, regardless of your cultural background, status or financial situation \u2013 all confidentially. We understand each client comes to us with unique needs and circumstances. We also understand that being unable to talk with insurance companies in Spanish, and without legal help that can explain the process, can be intimidating and frustrating.<\/p>\n<\/div>\n<\/div>\n\n\n\n<div class=\"wp-block-columns is-layout-flex wp-container-core-columns-is-layout-b987c810 wp-block-columns-is-layout-flex\">\n<div class=\"wp-block-column is-layout-flow wp-block-column-is-layout-flow\">\n<h2 class=\"wp-block-heading has-heading-3-font-size\">Nuestros abogados y personal hispanohablante se asegurar\u00e1n que usted sea tratado\/a justamente<\/h2>\n\n\n\n<p>Diferente a otras oficinas, no s\u00f3lo contratamos traductores. Nuestras oficinas cuentan con la experiencia y atenci\u00f3n de&nbsp;<a href=\"https:\/\/www.adlergiersch.com\/es\/attorney\/steven-j-angles\/\">abogados y asistentes biling\u00fces<\/a>&nbsp;que est\u00e1n aqu\u00ed para apoyarlo\/a, responder a sus preguntas y dirigir cualquier preocupaciones que pueda tener sobre su reclamo de lesi\u00f3n. Estamos con usted en cada paso del camino para guiarlo\/a, protegerlo\/a y eliminar el estr\u00e9s de tratar con compa\u00f1\u00edas de seguros y sus facturas.<\/p>\n<\/div>\n\n\n\n<div class=\"wp-block-column is-layout-flow wp-block-column-is-layout-flow\">\n<h2 class=\"wp-block-heading has-heading-3-font-size\">Our Spanish-speaking attorneys and staff make sure you\u2019re treated fairly<\/h2>\n\n\n\n<p>Unlike other offices, we don\u2019t just hire translators. Our offices are staffed with experienced, caring,&nbsp;<a href=\"https:\/\/www.adlergiersch.com\/attorney\/steven-j-angles\/\">bilingual attorneys<\/a>&nbsp;and paralegals who are here to support you, answer questions and address concerns you may have about your injury claim. We\u2019re with you every step of the way to provide guidance, protection and remove the stress of dealing with insurance companies and bills.<\/p>\n\n\n\n<figure class=\"wp-block-image aligncenter size-full\"><img loading=\"lazy\" decoding=\"async\" width=\"530\" height=\"530\" src=\"https:\/\/www.adlergiersch.com\/es\/wp-content\/uploads\/sites\/3\/2018\/02\/steven-angles-spanish-attorney.jpg\" alt=\"hispanohablantes de Adler Giersch\" class=\"wp-image-225\" title=\"steven-angles-spanish-attorney\" srcset=\"https:\/\/www.adlergiersch.com\/es\/wp-content\/uploads\/sites\/3\/2018\/02\/steven-angles-spanish-attorney.jpg 530w, https:\/\/www.adlergiersch.com\/es\/wp-content\/uploads\/sites\/3\/2018\/02\/steven-angles-spanish-attorney-150x150.jpg 150w, https:\/\/www.adlergiersch.com\/es\/wp-content\/uploads\/sites\/3\/2018\/02\/steven-angles-spanish-attorney-300x300.jpg 300w, https:\/\/www.adlergiersch.com\/es\/wp-content\/uploads\/sites\/3\/2018\/02\/steven-angles-spanish-attorney-180x180.jpg 180w\" sizes=\"auto, (max-width: 530px) 100vw, 530px\" \/><figcaption class=\"wp-element-caption\">Abogado y socio Steven Angles con los hispanohablantes de Adler Giersch<\/figcaption><\/figure>\n<\/div>\n<\/div>\n\n\n\n<div class=\"wp-block-columns is-layout-flex wp-container-core-columns-is-layout-b987c810 wp-block-columns-is-layout-flex\">\n<div class=\"wp-block-column is-layout-flow wp-block-column-is-layout-flow\">\n<h2 class=\"wp-block-heading has-heading-3-font-size\">Cont\u00e1ctenos<\/h2>\n\n\n\n<p><a href=\"https:\/\/www.adlergiersch.com\/es\/solicite-una-consulta\/\">Cont\u00e1ctenos<\/a>&nbsp;para una consulta gratuita y confidencial. Podemos ayudarle a entender mejor sus derechos y el proceso legal. Nunca tendr\u00e1s la presi\u00f3n de contratar a nosotros.<\/p>\n<\/div>\n\n\n\n<div class=\"wp-block-column is-layout-flow wp-block-column-is-layout-flow\">\n<h2 class=\"wp-block-heading has-heading-3-font-size\">Contact us\u00a0<\/h2>\n\n\n\n<p><a href=\"https:\/\/www.adlergiersch.com\/contact\/\">Contact us<\/a>&nbsp;for a free, confidential consultation. We can help you better understand your rights and the legal process. You\u2019ll never be pressured to hire us.<\/p>\n<\/div>\n<\/div>\n<\/div>\n","protected":false},"excerpt":{"rendered":"<p>Servicios para la comunidad Latina Nuestro equipo se dedica a proteger sus derechos legales, de seguros y de recuperaci\u00f3n, para que pueda concentrarse en la curaci\u00f3n despu\u00e9s de una&nbsp;lesi\u00f3n grave. Services for the Latino \/ Latina Community Our team is dedicated to protecting your legal, insurance, and recovery rights, so you can focus on healing [&hellip;]<\/p>\n","protected":false},"author":1,"featured_media":5287,"parent":14,"menu_order":0,"comment_status":"closed","ping_status":"closed","template":"","meta":{"_acf_changed":false,"inline_featured_image":false,"footnotes":""},"class_list":["post-19","page","type-page","status-publish","has-post-thumbnail","hentry"],"acf":[],"_links":{"self":[{"href":"https:\/\/www.adlergiersch.com\/es\/wp-json\/wp\/v2\/pages\/19","targetHints":{"allow":["GET"]}}],"collection":[{"href":"https:\/\/www.adlergiersch.com\/es\/wp-json\/wp\/v2\/pages"}],"about":[{"href":"https:\/\/www.adlergiersch.com\/es\/wp-json\/wp\/v2\/types\/page"}],"author":[{"embeddable":true,"href":"https:\/\/www.adlergiersch.com\/es\/wp-json\/wp\/v2\/users\/1"}],"replies":[{"embeddable":true,"href":"https:\/\/www.adlergiersch.com\/es\/wp-json\/wp\/v2\/comments?post=19"}],"version-history":[{"count":0,"href":"https:\/\/www.adlergiersch.com\/es\/wp-json\/wp\/v2\/pages\/19\/revisions"}],"up":[{"embeddable":true,"href":"https:\/\/www.adlergiersch.com\/es\/wp-json\/wp\/v2\/pages\/14"}],"wp:featuredmedia":[{"embeddable":true,"href":"https:\/\/www.adlergiersch.com\/es\/wp-json\/wp\/v2\/media\/5287"}],"wp:attachment":[{"href":"https:\/\/www.adlergiersch.com\/es\/wp-json\/wp\/v2\/media?parent=19"}],"curies":[{"name":"wp","href":"https:\/\/api.w.org\/{rel}","templated":true}]}}